{"id":1721,"date":"2023-11-03T12:21:51","date_gmt":"2023-11-03T12:21:51","guid":{"rendered":"http:\/\/nota-estudio.com\/?page_id=1721"},"modified":"2026-01-14T15:00:12","modified_gmt":"2026-01-14T15:00:12","slug":"estudio-de-interiorismo-y-decoracion-en-madrid","status":"publish","type":"page","link":"http:\/\/nota-estudio.com\/en\/estudio-de-interiorismo-y-decoracion-en-madrid","title":{"rendered":"Sobre las interioristas Rebeka N\u00e9meth y Juliette Abello"},"content":{"rendered":"<div data-elementor-type=\"wp-page\" data-elementor-id=\"1721\" class=\"elementor elementor-1721\" data-elementor-post-type=\"page\">\n\t\t\t\t\t\t\t<div class=\"elementor-element elementor-element-4fe428c e-con-full e-flex e-con e-parent\" data-id=\"4fe428c\" data-element_type=\"container\" data-settings=\"{&quot;content_width&quot;:&quot;full&quot;,&quot;container_type&quot;:&quot;flex&quot;}\" data-core-v316-plus=\"true\">\n\t\t<div class=\"elementor-element elementor-element-c0ad286 e-con-full e-flex e-con e-child\" data-id=\"c0ad286\" data-element_type=\"container\" data-settings=\"{&quot;content_width&quot;:&quot;full&quot;,&quot;container_type&quot;:&quot;flex&quot;}\">\n\t\t\t\t<div class=\"elementor-element elementor-element-0c78c75 elementor-widget elementor-widget-image\" data-id=\"0c78c75\" data-element_type=\"widget\" data-widget_type=\"image.default\">\n\t\t\t\t<div class=\"elementor-widget-container\">\n\t\t\t<style>\/*! elementor - v3.17.0 - 08-11-2023 *\/\n.elementor-widget-image{text-align:center}.elementor-widget-image a{display:inline-block}.elementor-widget-image a img[src$=\".svg\"]{width:48px}.elementor-widget-image img{vertical-align:middle;display:inline-block}<\/style>\t\t\t\t\t\t\t\t\t<figure class=\"wp-caption\">\n\t\t\t\t\t\t\t\t\t\t\t<a href=\"https:\/\/maps.app.goo.gl\/JkLcxgmTi7fecHgo7\">\n\t\t\t\t\t\t\t<img fetchpriority=\"high\" decoding=\"async\" width=\"1024\" height=\"683\" src=\"http:\/\/nota-estudio.com\/wp-content\/uploads\/2023\/11\/F3A8118-2-1024x683.jpg\" class=\"attachment-large size-large wp-image-1827\" alt=\"\" srcset=\"http:\/\/nota-estudio.com\/wp-content\/uploads\/2023\/11\/F3A8118-2-1024x683.jpg 1024w, http:\/\/nota-estudio.com\/wp-content\/uploads\/2023\/11\/F3A8118-2-300x200.jpg 300w, http:\/\/nota-estudio.com\/wp-content\/uploads\/2023\/11\/F3A8118-2-768x512.jpg 768w, http:\/\/nota-estudio.com\/wp-content\/uploads\/2023\/11\/F3A8118-2-1536x1024.jpg 1536w, http:\/\/nota-estudio.com\/wp-content\/uploads\/2023\/11\/F3A8118-2-2048x1365.jpg 2048w\" sizes=\"(max-width: 1024px) 100vw, 1024px\" \/>\t\t\t\t\t\t\t\t<\/a>\n\t\t\t\t\t\t\t\t\t\t\t<figcaption class=\"widget-image-caption wp-caption-text\">Juliette Abello y Rebeka N\u00e9meth - Cantera en Madrid<\/figcaption>\n\t\t\t\t\t\t\t\t\t\t<\/figure>\n\t\t\t\t\t\t\t\t\t<\/div>\n\t\t\t\t<\/div>\n\t\t\t\t<\/div>\n\t\t<div class=\"elementor-element elementor-element-dbf100a e-con-full e-flex e-con e-child\" data-id=\"dbf100a\" data-element_type=\"container\" data-settings=\"{&quot;content_width&quot;:&quot;full&quot;,&quot;container_type&quot;:&quot;flex&quot;}\">\n\t\t\t\t<div class=\"elementor-element elementor-element-150ff94 elementor-widget elementor-widget-text-editor\" data-id=\"150ff94\" data-element_type=\"widget\" data-widget_type=\"text-editor.default\">\n\t\t\t\t<div class=\"elementor-widget-container\">\n\t\t\t<style>\/*! elementor - v3.17.0 - 08-11-2023 *\/\n.elementor-widget-text-editor.elementor-drop-cap-view-stacked .elementor-drop-cap{background-color:#69727d;color:#fff}.elementor-widget-text-editor.elementor-drop-cap-view-framed .elementor-drop-cap{color:#69727d;border:3px solid;background-color:transparent}.elementor-widget-text-editor:not(.elementor-drop-cap-view-default) .elementor-drop-cap{margin-top:8px}.elementor-widget-text-editor:not(.elementor-drop-cap-view-default) .elementor-drop-cap-letter{width:1em;height:1em}.elementor-widget-text-editor .elementor-drop-cap{float:left;text-align:center;line-height:1;font-size:50px}.elementor-widget-text-editor .elementor-drop-cap-letter{display:inline-block}<\/style>\t\t\t\t<p><span style=\"font-family: arial, helvetica, sans-serif; font-size: 18pt;\">Perceive, observe, feel.<\/span><\/p>\n<p class=\"p1\"><span style=\"font-family: arial, helvetica, sans-serif; font-size: 10pt;\">Somos <b>Rebeka N\u00e9meth y Juliette Abello<\/b>, interioristas en Madrid y fundadoras de Nota Estudio. <strong>Dise\u00f1amos espacios que reflejan la identidad y el estilo de vida de las personas que los habitan,<\/strong> ya sea en su \u00e1mbito privado o profesional.<\/span><\/p>\n<p class=\"p1\"><span style=\"font-family: arial, helvetica, sans-serif; font-size: 10pt;\">Cada proyecto combina funcionalidad, est\u00e9tica y emoci\u00f3n, asegurando espacios \u00fanicos, atemporales y con una intenci\u00f3n clara.<\/span><\/p>\t\t\t\t\t\t<\/div>\n\t\t\t\t<\/div>\n\t\t\t\t<\/div>\n\t\t\t\t<\/div>\n\t\t<div class=\"elementor-element elementor-element-5cb8af73 e-flex e-con-boxed e-con e-parent\" data-id=\"5cb8af73\" data-element_type=\"container\" data-settings=\"{&quot;container_type&quot;:&quot;flex&quot;,&quot;content_width&quot;:&quot;boxed&quot;}\" data-core-v316-plus=\"true\">\n\t\t\t\t\t<div class=\"e-con-inner\">\n\t\t\t\t<div class=\"elementor-element elementor-element-65bab153 elementor-widget elementor-widget-text-editor\" data-id=\"65bab153\" data-element_type=\"widget\" data-widget_type=\"text-editor.default\">\n\t\t\t\t<div class=\"elementor-widget-container\">\n\t\t\t\t\t\t\t<figure><\/figure>\n<p><!-- \/wp:gallery --><!-- wp:qi-blocks\/how-to {\"uniqueClass\":\"qodef-block-85106887\",\"title\":\"Sobre nosotras\",\"subtitle\":\"\",\"text\":\"\\u003cbr\\u003ePercibir, observar, sentir. Estos son los pilares sobre los que Juliette Abello y Rebeka N\u00e9meth sustentan \\u003cstrong\\u003eNota Estudio,\\u003c\/strong\\u003e una refrescante irrupci\u00f3n en la escena del dise\u00f1o nacional que ya cuenta con proyectos de vivienda y restauraci\u00f3n en ciudades como Madrid, Sevilla y Zurich.\u00a0\\u003cbr\\u003e\\u003cbr\\u003e\\u003cstrong\\u003eNota Estudio\\u003c\/strong\\u003e nace a comienzos de 2023, cuando ambas empresarias detectan la necesidad de volver a los or\u00edgenes en un sector cada vez m\u00e1s competitivo y acelerado. La suma de experiencias, conocimiento y pasi\u00f3n da lugar a un estudio orgullosamente joven y creativo.\u00a0\\u003cbr\\u003e\\u003cbr\\u003e\"} --><\/p>\n<div>\n<p class=\"p1\"><span style=\"font-size: 10pt;\"><span style=\"font-family: arial, helvetica, sans-serif;\">Tras a\u00f1os de experiencia en el sector, creamos este estudio para desarrollar proyectos honestos donde la <b>sensibilidad mat\u00e9rica<\/b> se une a una <b>gesti\u00f3n t\u00e9cnica rigurosa<\/b>. Entendemos el dise\u00f1o como una herramienta para trasladar vuestra esencia a la materia, creando lugares donde el valor primordial es la armon\u00eda entre el individuo y su entorno. <\/span><span style=\"font-family: arial, helvetica, sans-serif;\">Apostamos por crear <strong data-start=\"1362\" data-end=\"1397\">espacios asentados en el tiempo<\/strong>, alejados de modas pasajeras, y con un dise\u00f1o que resista tanto funcional como emocionalmente.<\/span><\/span><\/p>\n<\/div>\n<h3 style=\"text-align: center;\"><span style=\"font-family: arial, helvetica, sans-serif; font-size: 18pt;\">\"Our goal is to find in each client their own identity and essence. For us every project is a blank canvas.\"<\/span><\/h3>\n<p><!-- \/wp:qi-blocks\/how-to --><\/p>\t\t\t\t\t\t<\/div>\n\t\t\t\t<\/div>\n\t\t\t\t\t<\/div>\n\t\t\t\t<\/div>\n\t\t<div class=\"elementor-element elementor-element-c55661a e-flex e-con-boxed e-con e-parent\" data-id=\"c55661a\" data-element_type=\"container\" data-settings=\"{&quot;container_type&quot;:&quot;flex&quot;,&quot;content_width&quot;:&quot;boxed&quot;}\" data-core-v316-plus=\"true\">\n\t\t\t\t\t<div class=\"e-con-inner\">\n\t\t<div class=\"elementor-element elementor-element-d1cafd4 e-con-full e-flex e-con e-child\" data-id=\"d1cafd4\" data-element_type=\"container\" data-settings=\"{&quot;content_width&quot;:&quot;full&quot;,&quot;container_type&quot;:&quot;flex&quot;}\">\n\t\t\t\t<div class=\"elementor-element elementor-element-77c0d99 elementor-widget elementor-widget-text-editor\" data-id=\"77c0d99\" data-element_type=\"widget\" data-widget_type=\"text-editor.default\">\n\t\t\t\t<div class=\"elementor-widget-container\">\n\t\t\t\t\t\t\t<h4><span style=\"font-family: arial, helvetica, sans-serif; font-size: 18pt;\">Juliette Abello<\/span><\/h4>\n<p><span style=\"font-size: 10pt; font-family: arial, helvetica, sans-serif;\"><span style=\"color: #000000;\">Founding partner of Nota Estudio, she began her career as an interior designer in New York in 2016.<\/span><\/span><\/p>\n<p><span style=\"font-size: 10pt; font-family: arial, helvetica, sans-serif;\">Specialized in materials, furniture and lighting and their various applications in renovations and major construction projects. Faithful to functionality but without losing the sensitivity and beauty to generate closer environments.<\/span><\/p>\t\t\t\t\t\t<\/div>\n\t\t\t\t<\/div>\n\t\t\t\t<\/div>\n\t\t<div class=\"elementor-element elementor-element-be91195 e-con-full e-flex e-con e-child\" data-id=\"be91195\" data-element_type=\"container\" data-settings=\"{&quot;content_width&quot;:&quot;full&quot;,&quot;container_type&quot;:&quot;flex&quot;}\">\n\t\t\t\t<div class=\"elementor-element elementor-element-9e4bb06 elementor-widget elementor-widget-image\" data-id=\"9e4bb06\" data-element_type=\"widget\" data-widget_type=\"image.default\">\n\t\t\t\t<div class=\"elementor-widget-container\">\n\t\t\t\t\t\t\t\t\t\t\t\t<figure class=\"wp-caption\">\n\t\t\t\t\t\t\t\t\t\t<img decoding=\"async\" width=\"683\" height=\"1024\" src=\"http:\/\/nota-estudio.com\/wp-content\/uploads\/2023\/11\/F3A8206-22-683x1024.jpg\" class=\"attachment-large size-large wp-image-1856\" alt=\"\" srcset=\"http:\/\/nota-estudio.com\/wp-content\/uploads\/2023\/11\/F3A8206-22-683x1024.jpg 683w, http:\/\/nota-estudio.com\/wp-content\/uploads\/2023\/11\/F3A8206-22-200x300.jpg 200w, http:\/\/nota-estudio.com\/wp-content\/uploads\/2023\/11\/F3A8206-22-768x1152.jpg 768w, http:\/\/nota-estudio.com\/wp-content\/uploads\/2023\/11\/F3A8206-22-1024x1536.jpg 1024w, http:\/\/nota-estudio.com\/wp-content\/uploads\/2023\/11\/F3A8206-22-1365x2048.jpg 1365w, http:\/\/nota-estudio.com\/wp-content\/uploads\/2023\/11\/F3A8206-22-scaled.jpg 1707w\" sizes=\"(max-width: 683px) 100vw, 683px\" \/>\t\t\t\t\t\t\t\t\t\t\t<figcaption class=\"widget-image-caption wp-caption-text\">Juliette Abello<\/figcaption>\n\t\t\t\t\t\t\t\t\t\t<\/figure>\n\t\t\t\t\t\t\t\t\t<\/div>\n\t\t\t\t<\/div>\n\t\t\t\t<\/div>\n\t\t\t\t\t<\/div>\n\t\t\t\t<\/div>\n\t\t<div class=\"elementor-element elementor-element-e7c7425 e-flex e-con-boxed e-con e-parent\" data-id=\"e7c7425\" data-element_type=\"container\" data-settings=\"{&quot;container_type&quot;:&quot;flex&quot;,&quot;content_width&quot;:&quot;boxed&quot;}\" data-core-v316-plus=\"true\">\n\t\t\t\t\t<div class=\"e-con-inner\">\n\t\t<div class=\"elementor-element elementor-element-915c432 e-con-full e-flex e-con e-child\" data-id=\"915c432\" data-element_type=\"container\" data-settings=\"{&quot;content_width&quot;:&quot;full&quot;,&quot;container_type&quot;:&quot;flex&quot;}\">\n\t\t\t\t<div class=\"elementor-element elementor-element-9bee18f elementor-widget elementor-widget-image\" data-id=\"9bee18f\" data-element_type=\"widget\" data-widget_type=\"image.default\">\n\t\t\t\t<div class=\"elementor-widget-container\">\n\t\t\t\t\t\t\t\t\t\t\t\t<figure class=\"wp-caption\">\n\t\t\t\t\t\t\t\t\t\t<img decoding=\"async\" width=\"683\" height=\"1024\" src=\"http:\/\/nota-estudio.com\/wp-content\/uploads\/2023\/11\/F3A8206-2-683x1024.jpg\" class=\"attachment-large size-large wp-image-1831\" alt=\"\" srcset=\"http:\/\/nota-estudio.com\/wp-content\/uploads\/2023\/11\/F3A8206-2-683x1024.jpg 683w, http:\/\/nota-estudio.com\/wp-content\/uploads\/2023\/11\/F3A8206-2-200x300.jpg 200w, http:\/\/nota-estudio.com\/wp-content\/uploads\/2023\/11\/F3A8206-2-768x1152.jpg 768w, http:\/\/nota-estudio.com\/wp-content\/uploads\/2023\/11\/F3A8206-2-1024x1536.jpg 1024w, http:\/\/nota-estudio.com\/wp-content\/uploads\/2023\/11\/F3A8206-2-1365x2048.jpg 1365w, http:\/\/nota-estudio.com\/wp-content\/uploads\/2023\/11\/F3A8206-2-scaled.jpg 1707w\" sizes=\"(max-width: 683px) 100vw, 683px\" \/>\t\t\t\t\t\t\t\t\t\t\t<figcaption class=\"widget-image-caption wp-caption-text\">Rebeka N\u00e9meth<\/figcaption>\n\t\t\t\t\t\t\t\t\t\t<\/figure>\n\t\t\t\t\t\t\t\t\t<\/div>\n\t\t\t\t<\/div>\n\t\t\t\t<\/div>\n\t\t<div class=\"elementor-element elementor-element-72ceb20 e-con-full e-flex e-con e-child\" data-id=\"72ceb20\" data-element_type=\"container\" data-settings=\"{&quot;content_width&quot;:&quot;full&quot;,&quot;container_type&quot;:&quot;flex&quot;}\">\n\t\t\t\t<div class=\"elementor-element elementor-element-b4fb519 elementor-widget elementor-widget-text-editor\" data-id=\"b4fb519\" data-element_type=\"widget\" data-widget_type=\"text-editor.default\">\n\t\t\t\t<div class=\"elementor-widget-container\">\n\t\t\t\t\t\t\t<div>\n<h4><span style=\"font-family: arial, helvetica, sans-serif; font-size: 18pt;\">Rebeka N\u00e9meth<\/span><\/h4>\n<p class=\"p1\"><span style=\"font-family: arial, helvetica, sans-serif; font-size: 10pt;\">Started her professional career working as an interior designer and project manager in Gstaad, Switzerland 2016, realizing projects of luxury homes and hotels.<\/span><\/p>\n<p class=\"p1\"><span style=\"font-family: arial, helvetica, sans-serif; font-size: 10pt;\">Back in Madrid, she worked as an interior designer and creative director for 5 years doing restoration and housing projects before founding Nota Estudio with Juliette Abello.<\/span><\/p>\n<\/div>\t\t\t\t\t\t<\/div>\n\t\t\t\t<\/div>\n\t\t\t\t<\/div>\n\t\t\t\t\t<\/div>\n\t\t\t\t<\/div>\n\t\t<div class=\"elementor-element elementor-element-3b1665d e-flex e-con-boxed e-con e-parent\" data-id=\"3b1665d\" data-element_type=\"container\" data-settings=\"{&quot;container_type&quot;:&quot;flex&quot;,&quot;content_width&quot;:&quot;boxed&quot;}\" data-core-v316-plus=\"true\">\n\t\t\t\t\t<div class=\"e-con-inner\">\n\t\t\t\t<div class=\"elementor-element elementor-element-314c1bd elementor-widget elementor-widget-text-editor\" data-id=\"314c1bd\" data-element_type=\"widget\" data-widget_type=\"text-editor.default\">\n\t\t\t\t<div class=\"elementor-widget-container\">\n\t\t\t\t\t\t\t<p style=\"text-align: center;\"><a href=\"http:\/\/nota-estudio.com\/en\/proyectos-interiorismo-decoracion-madrid\/\"><span style=\"color: #55523a; font-family: arial, helvetica, sans-serif;\">Explora nuestros proyectos<\/span><\/a><\/p>\t\t\t\t\t\t<\/div>\n\t\t\t\t<\/div>\n\t\t\t\t\t<\/div>\n\t\t\t\t<\/div>\n\t\t\t\t\t\t\t<\/div>","protected":false},"excerpt":{"rendered":"<p>Juliette Abello y Rebeka N\u00e9meth &#8211; Cantera en Madrid Percibir, observar, sentir. Somos Rebeka N\u00e9meth y Juliette Abello, interioristas en Madrid y fundadoras de Nota Estudio. Dise\u00f1amos espacios que reflejan la identidad y el estilo de vida de las personas que los habitan, ya sea en su \u00e1mbito privado o profesional. Cada proyecto combina funcionalidad, [&hellip;]<\/p>","protected":false},"author":1,"featured_media":0,"parent":0,"menu_order":0,"comment_status":"closed","ping_status":"closed","template":"","meta":{"footnotes":""},"class_list":["post-1721","page","type-page","status-publish","hentry"],"yoast_head":"<!-- This site is optimized with the Yoast SEO plugin v21.2 - https:\/\/yoast.com\/wordpress\/plugins\/seo\/ -->\n<title>Estudio de interiorismo y decoraci\u00f3n en Madrid.<\/title>\n<meta name=\"description\" content=\"Estudio de interiorismo y decoraci\u00f3n en Madrid liderado por Rebeka y Juliette. Dise\u00f1amos espacios que reflejan qui\u00e9n eres.\" \/>\n<meta name=\"robots\" content=\"index, follow, max-snippet:-1, max-image-preview:large, max-video-preview:-1\" \/>\n<link rel=\"canonical\" href=\"http:\/\/nota-estudio.com\/en\/estudio-de-interiorismo-y-decoracion-en-madrid\/\" \/>\n<meta property=\"og:locale\" content=\"en_GB\" \/>\n<meta property=\"og:type\" content=\"article\" \/>\n<meta property=\"og:title\" content=\"Estudio de interiorismo y decoraci\u00f3n en Madrid.\" \/>\n<meta property=\"og:description\" content=\"Estudio de interiorismo y decoraci\u00f3n en Madrid liderado por Rebeka y Juliette. Dise\u00f1amos espacios que reflejan qui\u00e9n eres.\" \/>\n<meta property=\"og:url\" content=\"http:\/\/nota-estudio.com\/en\/estudio-de-interiorismo-y-decoracion-en-madrid\/\" \/>\n<meta property=\"og:site_name\" content=\"_dise\u00f1amos espacios que hablan de las personas\" \/>\n<meta property=\"article:modified_time\" content=\"2026-01-14T15:00:12+00:00\" \/>\n<meta property=\"og:image\" content=\"http:\/\/nota-estudio.com\/wp-content\/uploads\/2023\/11\/F3A8118-2-1024x683.jpg\" \/>\n<meta name=\"twitter:card\" content=\"summary_large_image\" \/>\n<meta name=\"twitter:label1\" content=\"Estimated reading time\" \/>\n\t<meta name=\"twitter:data1\" content=\"2 minutes\" \/>\n<script type=\"application\/ld+json\" class=\"yoast-schema-graph\">{\"@context\":\"https:\/\/schema.org\",\"@graph\":[{\"@type\":\"WebPage\",\"@id\":\"https:\/\/nota-estudio.com\/estudio-de-interiorismo-y-decoracion-en-madrid\",\"url\":\"https:\/\/nota-estudio.com\/estudio-de-interiorismo-y-decoracion-en-madrid\",\"name\":\"Estudio de interiorismo y decoraci\u00f3n en Madrid.\",\"isPartOf\":{\"@id\":\"http:\/\/nota-estudio.com\/en\/#website\"},\"datePublished\":\"2023-11-03T12:21:51+00:00\",\"dateModified\":\"2026-01-14T15:00:12+00:00\",\"description\":\"Estudio de interiorismo y decoraci\u00f3n en Madrid liderado por Rebeka y Juliette. Dise\u00f1amos espacios que reflejan qui\u00e9n eres.\",\"breadcrumb\":{\"@id\":\"https:\/\/nota-estudio.com\/estudio-de-interiorismo-y-decoracion-en-madrid#breadcrumb\"},\"inLanguage\":\"en-GB\",\"potentialAction\":[{\"@type\":\"ReadAction\",\"target\":[\"https:\/\/nota-estudio.com\/estudio-de-interiorismo-y-decoracion-en-madrid\"]}]},{\"@type\":\"BreadcrumbList\",\"@id\":\"https:\/\/nota-estudio.com\/estudio-de-interiorismo-y-decoracion-en-madrid#breadcrumb\",\"itemListElement\":[{\"@type\":\"ListItem\",\"position\":1,\"name\":\"Portada\",\"item\":\"http:\/\/nota-estudio.com\/en\/\"},{\"@type\":\"ListItem\",\"position\":2,\"name\":\"Sobre las interioristas Rebeka N\u00e9meth y Juliette Abello\"}]},{\"@type\":\"WebSite\",\"@id\":\"http:\/\/nota-estudio.com\/en\/#website\",\"url\":\"http:\/\/nota-estudio.com\/en\/\",\"name\":\"_dise\u00f1amos espacios que hablan de las personas\",\"description\":\"arquitectura interior | dise\u00f1o y decoraci\u00f3n | consultor\u00eda de identidad\",\"publisher\":{\"@id\":\"http:\/\/nota-estudio.com\/en\/#organization\"},\"potentialAction\":[{\"@type\":\"SearchAction\",\"target\":{\"@type\":\"EntryPoint\",\"urlTemplate\":\"http:\/\/nota-estudio.com\/en\/?s={search_term_string}\"},\"query-input\":\"required name=search_term_string\"}],\"inLanguage\":\"en-GB\"},{\"@type\":\"Organization\",\"@id\":\"http:\/\/nota-estudio.com\/en\/#organization\",\"name\":\"Nota Estudio\",\"alternateName\":\"nota estudio\",\"url\":\"http:\/\/nota-estudio.com\/en\/\",\"logo\":{\"@type\":\"ImageObject\",\"inLanguage\":\"en-GB\",\"@id\":\"http:\/\/nota-estudio.com\/en\/#\/schema\/logo\/image\/\",\"url\":\"http:\/\/nota-estudio.com\/wp-content\/uploads\/2023\/07\/cropped-nota-story-metalMesa-de-trabajo-42-copia-17.png\",\"contentUrl\":\"http:\/\/nota-estudio.com\/wp-content\/uploads\/2023\/07\/cropped-nota-story-metalMesa-de-trabajo-42-copia-17.png\",\"width\":1009,\"height\":613,\"caption\":\"Nota Estudio\"},\"image\":{\"@id\":\"http:\/\/nota-estudio.com\/en\/#\/schema\/logo\/image\/\"},\"sameAs\":[\"https:\/\/www.linkedin.com\/company\/nota-estudio\/\",\"https:\/\/www.instagram.com\/nota_estudio\/?hl=en\"]}]}<\/script>\n<!-- \/ Yoast SEO plugin. -->","yoast_head_json":{"title":"Estudio de interiorismo y decoraci\u00f3n en Madrid.","description":"Estudio de interiorismo y decoraci\u00f3n en Madrid liderado por Rebeka y Juliette. Dise\u00f1amos espacios que reflejan qui\u00e9n eres.","robots":{"index":"index","follow":"follow","max-snippet":"max-snippet:-1","max-image-preview":"max-image-preview:large","max-video-preview":"max-video-preview:-1"},"canonical":"http:\/\/nota-estudio.com\/en\/estudio-de-interiorismo-y-decoracion-en-madrid\/","og_locale":"en_GB","og_type":"article","og_title":"Estudio de interiorismo y decoraci\u00f3n en Madrid.","og_description":"Estudio de interiorismo y decoraci\u00f3n en Madrid liderado por Rebeka y Juliette. Dise\u00f1amos espacios que reflejan qui\u00e9n eres.","og_url":"http:\/\/nota-estudio.com\/en\/estudio-de-interiorismo-y-decoracion-en-madrid\/","og_site_name":"_dise\u00f1amos espacios que hablan de las personas","article_modified_time":"2026-01-14T15:00:12+00:00","og_image":[{"url":"http:\/\/nota-estudio.com\/wp-content\/uploads\/2023\/11\/F3A8118-2-1024x683.jpg"}],"twitter_card":"summary_large_image","twitter_misc":{"Estimated reading time":"2 minutes"},"schema":{"@context":"https:\/\/schema.org","@graph":[{"@type":"WebPage","@id":"https:\/\/nota-estudio.com\/estudio-de-interiorismo-y-decoracion-en-madrid","url":"https:\/\/nota-estudio.com\/estudio-de-interiorismo-y-decoracion-en-madrid","name":"Estudio de interiorismo y decoraci\u00f3n en Madrid.","isPartOf":{"@id":"http:\/\/nota-estudio.com\/en\/#website"},"datePublished":"2023-11-03T12:21:51+00:00","dateModified":"2026-01-14T15:00:12+00:00","description":"Estudio de interiorismo y decoraci\u00f3n en Madrid liderado por Rebeka y Juliette. Dise\u00f1amos espacios que reflejan qui\u00e9n eres.","breadcrumb":{"@id":"https:\/\/nota-estudio.com\/estudio-de-interiorismo-y-decoracion-en-madrid#breadcrumb"},"inLanguage":"en-GB","potentialAction":[{"@type":"ReadAction","target":["https:\/\/nota-estudio.com\/estudio-de-interiorismo-y-decoracion-en-madrid"]}]},{"@type":"BreadcrumbList","@id":"https:\/\/nota-estudio.com\/estudio-de-interiorismo-y-decoracion-en-madrid#breadcrumb","itemListElement":[{"@type":"ListItem","position":1,"name":"Portada","item":"http:\/\/nota-estudio.com\/en\/"},{"@type":"ListItem","position":2,"name":"Sobre las interioristas Rebeka N\u00e9meth y Juliette Abello"}]},{"@type":"WebSite","@id":"http:\/\/nota-estudio.com\/en\/#website","url":"http:\/\/nota-estudio.com\/en\/","name":"_dise\u00f1amos espacios que hablan de las personas","description":"arquitectura interior | dise\u00f1o y decoraci\u00f3n | consultor\u00eda de identidad","publisher":{"@id":"http:\/\/nota-estudio.com\/en\/#organization"},"potentialAction":[{"@type":"SearchAction","target":{"@type":"EntryPoint","urlTemplate":"http:\/\/nota-estudio.com\/en\/?s={search_term_string}"},"query-input":"required name=search_term_string"}],"inLanguage":"en-GB"},{"@type":"Organization","@id":"http:\/\/nota-estudio.com\/en\/#organization","name":"Nota Estudio","alternateName":"nota estudio","url":"http:\/\/nota-estudio.com\/en\/","logo":{"@type":"ImageObject","inLanguage":"en-GB","@id":"http:\/\/nota-estudio.com\/en\/#\/schema\/logo\/image\/","url":"http:\/\/nota-estudio.com\/wp-content\/uploads\/2023\/07\/cropped-nota-story-metalMesa-de-trabajo-42-copia-17.png","contentUrl":"http:\/\/nota-estudio.com\/wp-content\/uploads\/2023\/07\/cropped-nota-story-metalMesa-de-trabajo-42-copia-17.png","width":1009,"height":613,"caption":"Nota Estudio"},"image":{"@id":"http:\/\/nota-estudio.com\/en\/#\/schema\/logo\/image\/"},"sameAs":["https:\/\/www.linkedin.com\/company\/nota-estudio\/","https:\/\/www.instagram.com\/nota_estudio\/?hl=en"]}]}},"_links":{"self":[{"href":"http:\/\/nota-estudio.com\/en\/wp-json\/wp\/v2\/pages\/1721","targetHints":{"allow":["GET"]}}],"collection":[{"href":"http:\/\/nota-estudio.com\/en\/wp-json\/wp\/v2\/pages"}],"about":[{"href":"http:\/\/nota-estudio.com\/en\/wp-json\/wp\/v2\/types\/page"}],"author":[{"embeddable":true,"href":"http:\/\/nota-estudio.com\/en\/wp-json\/wp\/v2\/users\/1"}],"replies":[{"embeddable":true,"href":"http:\/\/nota-estudio.com\/en\/wp-json\/wp\/v2\/comments?post=1721"}],"version-history":[{"count":107,"href":"http:\/\/nota-estudio.com\/en\/wp-json\/wp\/v2\/pages\/1721\/revisions"}],"predecessor-version":[{"id":4381,"href":"http:\/\/nota-estudio.com\/en\/wp-json\/wp\/v2\/pages\/1721\/revisions\/4381"}],"wp:attachment":[{"href":"http:\/\/nota-estudio.com\/en\/wp-json\/wp\/v2\/media?parent=1721"}],"curies":[{"name":"wp","href":"https:\/\/api.w.org\/{rel}","templated":true}]}}