{"id":1840,"date":"2023-11-03T13:18:21","date_gmt":"2023-11-03T13:18:21","guid":{"rendered":"http:\/\/nota-estudio.com\/?page_id=1840"},"modified":"2026-03-23T16:31:22","modified_gmt":"2026-03-23T16:31:22","slug":"proyectos-interiorismo-decoracion-madrid","status":"publish","type":"page","link":"http:\/\/nota-estudio.com\/en\/proyectos-interiorismo-decoracion-madrid","title":{"rendered":"projects"},"content":{"rendered":"<div data-elementor-type=\"wp-page\" data-elementor-id=\"1840\" class=\"elementor elementor-1840\" data-elementor-post-type=\"page\">\n\t\t\t\t\t\t\t<div class=\"elementor-element elementor-element-e24aa92 e-con-full e-flex e-con e-parent\" data-id=\"e24aa92\" data-element_type=\"container\" data-settings=\"{&quot;content_width&quot;:&quot;full&quot;,&quot;container_type&quot;:&quot;flex&quot;}\" data-core-v316-plus=\"true\">\n\t\t<div class=\"elementor-element elementor-element-99212cf e-con-full e-flex e-con e-child\" data-id=\"99212cf\" data-element_type=\"container\" data-settings=\"{&quot;content_width&quot;:&quot;full&quot;,&quot;container_type&quot;:&quot;flex&quot;}\">\n\t\t\t\t<div class=\"elementor-element elementor-element-5717691 elementor-cta--skin-cover elementor-widget elementor-widget-call-to-action\" data-id=\"5717691\" data-element_type=\"widget\" data-widget_type=\"call-to-action.default\">\n\t\t\t\t<div class=\"elementor-widget-container\">\n\t\t\t<link rel=\"stylesheet\" href=\"https:\/\/nota-estudio.com\/wp-content\/plugins\/pro-elements\/assets\/css\/widget-call-to-action.min.css\">\t\t<a class=\"elementor-cta\" data-e-bg-lazyload=\".elementor-bg\" href=\"http:\/\/nota-estudio.com\/en\/nota-estudio-com-proyectos-diseno-restaurante-dumplings-madrid-bernabeu\/\">\n\t\t\t\t\t<div class=\"elementor-cta__bg-wrapper\">\n\t\t\t\t<div class=\"elementor-cta__bg elementor-bg\" style=\"background-image: var(--e-bg-lazyload-loaded); --e-bg-lazyload: url(http:\/\/nota-estudio.com\/wp-content\/uploads\/2026\/03\/01-GENERAL-VERTICAL-683x1024.jpg);\" role=\"img\" aria-label=\"01-GENERAL VERTICAL\"><\/div>\n\t\t\t\t<div class=\"elementor-cta__bg-overlay\"><\/div>\n\t\t\t<\/div>\n\t\t\t\t\t\t\t<div class=\"elementor-cta__content\">\n\t\t\t\t\n\t\t\t\t\t\t\t\t\t<h2 class=\"elementor-cta__title elementor-cta__content-item elementor-content-item\">\n\t\t\t\t\t\tRestaurante: DUM DUM Bernab\u00e9u\t\t\t\t\t<\/h2>\n\t\t\t\t\n\t\t\t\t\t\t\t\t\t<div class=\"elementor-cta__description elementor-cta__content-item elementor-content-item\">\n\t\t\t\t\t\tDise\u00f1o de restaurante de dumplings en Madrid. Ritmo y repetici\u00f3n.\t\t\t\t\t<\/div>\n\t\t\t\t\n\t\t\t\t\t\t\t<\/div>\n\t\t\t\t\t\t<\/a>\n\t\t\t\t<\/div>\n\t\t\t\t<\/div>\n\t\t\t\t<\/div>\n\t\t<div class=\"elementor-element elementor-element-60264a3 e-con-full e-flex e-con e-child\" data-id=\"60264a3\" data-element_type=\"container\" data-settings=\"{&quot;content_width&quot;:&quot;full&quot;,&quot;container_type&quot;:&quot;flex&quot;}\">\n\t\t\t\t<div class=\"elementor-element elementor-element-27bd2f7 elementor-cta--skin-cover elementor-widget elementor-widget-call-to-action\" data-id=\"27bd2f7\" data-element_type=\"widget\" data-widget_type=\"call-to-action.default\">\n\t\t\t\t<div class=\"elementor-widget-container\">\n\t\t\t\t\t<a class=\"elementor-cta\" data-e-bg-lazyload=\".elementor-bg\" href=\"http:\/\/nota-estudio.com\/en\/proyecto-decoracion-bernabeu-madrid\/\">\n\t\t\t\t\t<div class=\"elementor-cta__bg-wrapper\">\n\t\t\t\t<div class=\"elementor-cta__bg elementor-bg\" style=\"background-image: var(--e-bg-lazyload-loaded); --e-bg-lazyload: url(http:\/\/nota-estudio.com\/wp-content\/uploads\/2025\/07\/grdr-2025-07-02-120643.988-1-708x1024.jpg);\" role=\"img\" aria-label=\"grdr 2025-07-02 120643.988\"><\/div>\n\t\t\t\t<div class=\"elementor-cta__bg-overlay\"><\/div>\n\t\t\t<\/div>\n\t\t\t\t\t\t\t<div class=\"elementor-cta__content\">\n\t\t\t\t\n\t\t\t\t\t\t\t\t\t<h2 class=\"elementor-cta__title elementor-cta__content-item elementor-content-item\">\n\t\t\t\t\t\tVivienda: Habana\t\t\t\t\t<\/h2>\n\t\t\t\t\n\t\t\t\t\t\t\t\t\t<div class=\"elementor-cta__description elementor-cta__content-item elementor-content-item\">\n\t\t\t\t\t\tLa claridad del amanecer y la intimidad del atardecer.\t\t\t\t\t<\/div>\n\t\t\t\t\n\t\t\t\t\t\t\t<\/div>\n\t\t\t\t\t\t<\/a>\n\t\t\t\t<\/div>\n\t\t\t\t<\/div>\n\t\t\t\t<\/div>\n\t\t<div class=\"elementor-element elementor-element-2cd733a e-con-full e-flex e-con e-child\" data-id=\"2cd733a\" data-element_type=\"container\" data-settings=\"{&quot;content_width&quot;:&quot;full&quot;,&quot;container_type&quot;:&quot;flex&quot;}\">\n\t\t\t\t<div class=\"elementor-element elementor-element-4defffa elementor-cta--skin-cover elementor-widget__width-initial elementor-widget elementor-widget-call-to-action\" data-id=\"4defffa\" data-element_type=\"widget\" data-settings=\"{&quot;_animation&quot;:&quot;none&quot;}\" data-widget_type=\"call-to-action.default\">\n\t\t\t\t<div class=\"elementor-widget-container\">\n\t\t\t\t\t<a class=\"elementor-cta\" data-e-bg-lazyload=\".elementor-bg\" href=\"http:\/\/nota-estudio.com\/en\/reforma-vivienda-fuencarral-el-pardo\/\">\n\t\t\t\t\t<div class=\"elementor-cta__bg-wrapper\">\n\t\t\t\t<div class=\"elementor-cta__bg elementor-bg\" style=\"background-image: var(--e-bg-lazyload-loaded); --e-bg-lazyload: url(http:\/\/nota-estudio.com\/wp-content\/uploads\/2025\/01\/01-SALON-767x1024.jpg);\" role=\"img\" aria-label=\"01-SALO\u0301N\"><\/div>\n\t\t\t\t<div class=\"elementor-cta__bg-overlay\"><\/div>\n\t\t\t<\/div>\n\t\t\t\t\t\t\t<div class=\"elementor-cta__content\">\n\t\t\t\t\n\t\t\t\t\t\t\t\t\t<h2 class=\"elementor-cta__title elementor-cta__content-item elementor-content-item\">\n\t\t\t\t\t\tVivienda: Ferrol\t\t\t\t\t<\/h2>\n\t\t\t\t\n\t\t\t\t\t\t\t\t\t<div class=\"elementor-cta__description elementor-cta__content-item elementor-content-item\">\n\t\t\t\t\t\tSerenidad, amplitud y car\u00e1cter.\t\t\t\t\t<\/div>\n\t\t\t\t\n\t\t\t\t\t\t\t<\/div>\n\t\t\t\t\t\t<\/a>\n\t\t\t\t<\/div>\n\t\t\t\t<\/div>\n\t\t\t\t<\/div>\n\t\t<div class=\"elementor-element elementor-element-966f99b e-con-full e-flex e-con e-child\" data-id=\"966f99b\" data-element_type=\"container\" data-settings=\"{&quot;content_width&quot;:&quot;full&quot;,&quot;container_type&quot;:&quot;flex&quot;}\">\n\t\t\t\t<div class=\"elementor-element elementor-element-399115b elementor-cta--skin-cover elementor-widget elementor-widget-call-to-action\" data-id=\"399115b\" data-element_type=\"widget\" data-widget_type=\"call-to-action.default\">\n\t\t\t\t<div class=\"elementor-widget-container\">\n\t\t\t\t\t<a class=\"elementor-cta\" data-e-bg-lazyload=\".elementor-bg\" href=\"http:\/\/nota-estudio.com\/en\/reforma-cocina-35m2-madrid\/\">\n\t\t\t\t\t<div class=\"elementor-cta__bg-wrapper\">\n\t\t\t\t<div class=\"elementor-cta__bg elementor-bg\" style=\"background-image: var(--e-bg-lazyload-loaded); --e-bg-lazyload: url(http:\/\/nota-estudio.com\/wp-content\/uploads\/2025\/01\/NOTA-ESTUDIO-COCINA-GENERAL-01-1024x686.jpg);\" role=\"img\" aria-label=\"NOTA ESTUDIO-COCINA-GENERAL 01\"><\/div>\n\t\t\t\t<div class=\"elementor-cta__bg-overlay\"><\/div>\n\t\t\t<\/div>\n\t\t\t\t\t\t\t<div class=\"elementor-cta__content\">\n\t\t\t\t\n\t\t\t\t\t\t\t\t\t<h2 class=\"elementor-cta__title elementor-cta__content-item elementor-content-item\">\n\t\t\t\t\t\tVivienda: Las Torres\t\t\t\t\t<\/h2>\n\t\t\t\t\n\t\t\t\t\t\t\t\t\t<div class=\"elementor-cta__description elementor-cta__content-item elementor-content-item\">\n\t\t\t\t\t\tCar\u00e1cter nost\u00e1lgico a trav\u00e9s de los materiales y el mobiliario. \t\t\t\t\t<\/div>\n\t\t\t\t\n\t\t\t\t\t\t\t<\/div>\n\t\t\t\t\t\t<\/a>\n\t\t\t\t<\/div>\n\t\t\t\t<\/div>\n\t\t\t\t<\/div>\n\t\t\t\t<\/div>\n\t\t<div class=\"elementor-element elementor-element-211855b e-flex e-con-boxed e-con e-parent\" data-id=\"211855b\" data-element_type=\"container\" data-settings=\"{&quot;container_type&quot;:&quot;flex&quot;,&quot;content_width&quot;:&quot;boxed&quot;}\" data-core-v316-plus=\"true\">\n\t\t\t\t\t<div class=\"e-con-inner\">\n\t\t<div class=\"elementor-element elementor-element-df0b04e e-con-full e-flex e-con e-child\" data-id=\"df0b04e\" data-element_type=\"container\" data-settings=\"{&quot;content_width&quot;:&quot;full&quot;,&quot;container_type&quot;:&quot;flex&quot;}\">\n\t\t\t\t<div class=\"elementor-element elementor-element-9b914cd elementor-cta--skin-cover elementor-widget elementor-widget-call-to-action\" data-id=\"9b914cd\" data-element_type=\"widget\" data-widget_type=\"call-to-action.default\">\n\t\t\t\t<div class=\"elementor-widget-container\">\n\t\t\t\t\t<a class=\"elementor-cta\" data-e-bg-lazyload=\".elementor-bg\" href=\"http:\/\/nota-estudio.com\/en\/diseno-restaurante-de-dumplings-madrid-proyecto-dum-dum\/\">\n\t\t\t\t\t<div class=\"elementor-cta__bg-wrapper\">\n\t\t\t\t<div class=\"elementor-cta__bg elementor-bg\" style=\"background-image: var(--e-bg-lazyload-loaded); --e-bg-lazyload: url(http:\/\/nota-estudio.com\/wp-content\/uploads\/2025\/01\/GENERAL-02-1024x683.jpg);\" role=\"img\" aria-label=\"GENERAL 02\"><\/div>\n\t\t\t\t<div class=\"elementor-cta__bg-overlay\"><\/div>\n\t\t\t<\/div>\n\t\t\t\t\t\t\t<div class=\"elementor-cta__content\">\n\t\t\t\t\n\t\t\t\t\t\t\t\t\t<h2 class=\"elementor-cta__title elementor-cta__content-item elementor-content-item\">\n\t\t\t\t\t\tRestaurante: DUMDUM Chamber\u00ed\t\t\t\t\t<\/h2>\n\t\t\t\t\n\t\t\t\t\t\t\t\t\t<div class=\"elementor-cta__description elementor-cta__content-item elementor-content-item\">\n\t\t\t\t\t\tFuncionalidad y diversi\u00f3n, utilizando elementos que evocan misterio y curiosidad.\t\t\t\t\t<\/div>\n\t\t\t\t\n\t\t\t\t\t\t\t<\/div>\n\t\t\t\t\t\t<\/a>\n\t\t\t\t<\/div>\n\t\t\t\t<\/div>\n\t\t\t\t<\/div>\n\t\t<div class=\"elementor-element elementor-element-cc0dc46 e-con-full e-flex e-con e-child\" data-id=\"cc0dc46\" data-element_type=\"container\" data-settings=\"{&quot;content_width&quot;:&quot;full&quot;,&quot;container_type&quot;:&quot;flex&quot;}\">\n\t\t\t\t<div class=\"elementor-element elementor-element-0f932f9 elementor-cta--skin-cover elementor-widget elementor-widget-call-to-action\" data-id=\"0f932f9\" data-element_type=\"widget\" data-widget_type=\"call-to-action.default\">\n\t\t\t\t<div class=\"elementor-widget-container\">\n\t\t\t\t\t<a class=\"elementor-cta\" data-e-bg-lazyload=\".elementor-bg\" href=\"http:\/\/nota-estudio.com\/en\/diseno-de-airbnb-en-madrid-para-mysuite\/\">\n\t\t\t\t\t<div class=\"elementor-cta__bg-wrapper\">\n\t\t\t\t<div class=\"elementor-cta__bg elementor-bg\" style=\"background-image: var(--e-bg-lazyload-loaded); --e-bg-lazyload: url(http:\/\/nota-estudio.com\/wp-content\/uploads\/2025\/01\/2-1024x649.jpeg);\" role=\"img\" aria-label=\"2\"><\/div>\n\t\t\t\t<div class=\"elementor-cta__bg-overlay\"><\/div>\n\t\t\t<\/div>\n\t\t\t\t\t\t\t<div class=\"elementor-cta__content\">\n\t\t\t\t\n\t\t\t\t\t\t\t\t\t<h2 class=\"elementor-cta__title elementor-cta__content-item elementor-content-item\">\n\t\t\t\t\t\tApartamentos Tur\u00edsticos: Betancourt\t\t\t\t\t<\/h2>\n\t\t\t\t\n\t\t\t\t\t\t\t\t\t<div class=\"elementor-cta__description elementor-cta__content-item elementor-content-item\">\n\t\t\t\t\t\tRealzar Intimidad y el silencio del espacio.\t\t\t\t\t<\/div>\n\t\t\t\t\n\t\t\t\t\t\t\t<\/div>\n\t\t\t\t\t\t<\/a>\n\t\t\t\t<\/div>\n\t\t\t\t<\/div>\n\t\t\t\t<\/div>\n\t\t\t\t\t<\/div>\n\t\t\t\t<\/div>\n\t\t<div class=\"elementor-element elementor-element-b48932d e-flex e-con-boxed e-con e-parent\" data-id=\"b48932d\" data-element_type=\"container\" data-settings=\"{&quot;container_type&quot;:&quot;flex&quot;,&quot;content_width&quot;:&quot;boxed&quot;}\" data-core-v316-plus=\"true\">\n\t\t\t\t\t<div class=\"e-con-inner\">\n\t\t<div class=\"elementor-element elementor-element-a672349 e-con-full e-flex e-con e-child\" data-id=\"a672349\" data-element_type=\"container\" data-settings=\"{&quot;content_width&quot;:&quot;full&quot;,&quot;container_type&quot;:&quot;flex&quot;}\">\n\t\t\t\t<div class=\"elementor-element elementor-element-2c8b6be elementor-cta--skin-cover elementor-widget elementor-widget-call-to-action\" data-id=\"2c8b6be\" data-element_type=\"widget\" data-settings=\"{&quot;_animation&quot;:&quot;none&quot;}\" data-widget_type=\"call-to-action.default\">\n\t\t\t\t<div class=\"elementor-widget-container\">\n\t\t\t\t\t<a class=\"elementor-cta\" data-e-bg-lazyload=\".elementor-bg\" href=\"https:\/\/nota-estudio.com\/en\/elementor-pagina-de-destino-3272\/\">\n\t\t\t\t\t<div class=\"elementor-cta__bg-wrapper\">\n\t\t\t\t<div class=\"elementor-cta__bg elementor-bg\" style=\"background-image: var(--e-bg-lazyload-loaded); --e-bg-lazyload: url(http:\/\/nota-estudio.com\/wp-content\/uploads\/2025\/01\/Vista-1-1024x649.png);\" role=\"img\" aria-label=\"Vista 1\"><\/div>\n\t\t\t\t<div class=\"elementor-cta__bg-overlay\"><\/div>\n\t\t\t<\/div>\n\t\t\t\t\t\t\t<div class=\"elementor-cta__content\">\n\t\t\t\t\n\t\t\t\t\t\t\t\t\t<h2 class=\"elementor-cta__title elementor-cta__content-item elementor-content-item\">\n\t\t\t\t\t\tOficinas: S*\t\t\t\t\t<\/h2>\n\t\t\t\t\n\t\t\t\t\t\t\t\t\t<div class=\"elementor-cta__description elementor-cta__content-item elementor-content-item\">\n\t\t\t\t\t\tAmbientes que fomentan la conexi\u00f3n entre las personas.\t\t\t\t\t<\/div>\n\t\t\t\t\n\t\t\t\t\t\t\t<\/div>\n\t\t\t\t\t\t<\/a>\n\t\t\t\t<\/div>\n\t\t\t\t<\/div>\n\t\t\t\t<\/div>\n\t\t<div class=\"elementor-element elementor-element-761928c e-con-full e-flex e-con e-child\" data-id=\"761928c\" data-element_type=\"container\" data-settings=\"{&quot;content_width&quot;:&quot;full&quot;,&quot;container_type&quot;:&quot;flex&quot;}\">\n\t\t\t\t<div class=\"elementor-element elementor-element-a96c9d0 elementor-cta--skin-cover elementor-widget elementor-widget-call-to-action\" data-id=\"a96c9d0\" data-element_type=\"widget\" data-widget_type=\"call-to-action.default\">\n\t\t\t\t<div class=\"elementor-widget-container\">\n\t\t\t\t\t<a class=\"elementor-cta\" data-e-bg-lazyload=\".elementor-bg\" href=\"http:\/\/nota-estudio.com\/en\/diseno-hotel-boutique-polivalente\/\">\n\t\t\t\t\t<div class=\"elementor-cta__bg-wrapper\">\n\t\t\t\t<div class=\"elementor-cta__bg elementor-bg\" style=\"background-image: var(--e-bg-lazyload-loaded); --e-bg-lazyload: url(http:\/\/nota-estudio.com\/wp-content\/uploads\/2025\/12\/6-1024x649.jpg);\" role=\"img\" aria-label=\"6\"><\/div>\n\t\t\t\t<div class=\"elementor-cta__bg-overlay\"><\/div>\n\t\t\t<\/div>\n\t\t\t\t\t\t\t<div class=\"elementor-cta__content\">\n\t\t\t\t\n\t\t\t\t\t\t\t\t\t<h2 class=\"elementor-cta__title elementor-cta__content-item elementor-content-item\">\n\t\t\t\t\t\tHotel: Mutuo\t\t\t\t\t<\/h2>\n\t\t\t\t\n\t\t\t\t\t\t\t\t\t<div class=\"elementor-cta__description elementor-cta__content-item elementor-content-item\">\n\t\t\t\t\t\tBienestar, descanso y creaci\u00f3n en un refugio\ncontempor\u00e1neo\t\t\t\t\t<\/div>\n\t\t\t\t\n\t\t\t\t\t\t\t<\/div>\n\t\t\t\t\t\t<\/a>\n\t\t\t\t<\/div>\n\t\t\t\t<\/div>\n\t\t\t\t<\/div>\n\t\t\t\t\t<\/div>\n\t\t\t\t<\/div>\n\t\t<div class=\"elementor-element elementor-element-3855b98 e-flex e-con-boxed e-con e-parent\" data-id=\"3855b98\" data-element_type=\"container\" data-settings=\"{&quot;container_type&quot;:&quot;flex&quot;,&quot;content_width&quot;:&quot;boxed&quot;}\" data-core-v316-plus=\"true\">\n\t\t\t\t\t<div class=\"e-con-inner\">\n\t\t\t\t<div class=\"elementor-element elementor-element-21d2763 elementor-widget elementor-widget-text-editor\" data-id=\"21d2763\" data-element_type=\"widget\" data-widget_type=\"text-editor.default\">\n\t\t\t\t<div class=\"elementor-widget-container\">\n\t\t\t<style>\/*! elementor - v3.17.0 - 08-11-2023 *\/\n.elementor-widget-text-editor.elementor-drop-cap-view-stacked .elementor-drop-cap{background-color:#69727d;color:#fff}.elementor-widget-text-editor.elementor-drop-cap-view-framed .elementor-drop-cap{color:#69727d;border:3px solid;background-color:transparent}.elementor-widget-text-editor:not(.elementor-drop-cap-view-default) .elementor-drop-cap{margin-top:8px}.elementor-widget-text-editor:not(.elementor-drop-cap-view-default) .elementor-drop-cap-letter{width:1em;height:1em}.elementor-widget-text-editor .elementor-drop-cap{float:left;text-align:center;line-height:1;font-size:50px}.elementor-widget-text-editor .elementor-drop-cap-letter{display:inline-block}<\/style>\t\t\t\t<p style=\"text-align: center;\"><span style=\"font-family: arial, helvetica, sans-serif; color: #55523a;\"><a style=\"color: #55523a;\" href=\"http:\/\/nota-estudio.com\/en\/servicios-de-interiorismo-y-decoracion\/\">Nuestra forma de trabajar<\/a><\/span><\/p>\t\t\t\t\t\t<\/div>\n\t\t\t\t<\/div>\n\t\t\t\t\t<\/div>\n\t\t\t\t<\/div>\n\t\t<div class=\"elementor-element elementor-element-0db5291 e-flex e-con-boxed e-con e-parent\" data-id=\"0db5291\" data-element_type=\"container\" data-settings=\"{&quot;container_type&quot;:&quot;flex&quot;,&quot;content_width&quot;:&quot;boxed&quot;}\" data-core-v316-plus=\"true\">\n\t\t\t\t\t<div class=\"e-con-inner\">\n\t\t<div class=\"elementor-element elementor-element-15fc431 e-con-full e-flex e-con e-child\" data-id=\"15fc431\" data-element_type=\"container\" data-settings=\"{&quot;content_width&quot;:&quot;full&quot;,&quot;container_type&quot;:&quot;flex&quot;}\">\n\t\t\t\t<\/div>\n\t\t<div class=\"elementor-element elementor-element-6aadc8c e-con-full e-flex e-con e-child\" data-id=\"6aadc8c\" data-element_type=\"container\" data-settings=\"{&quot;content_width&quot;:&quot;full&quot;,&quot;container_type&quot;:&quot;flex&quot;}\">\n\t\t\t\t<\/div>\n\t\t\t\t\t<\/div>\n\t\t\t\t<\/div>\n\t\t\t\t\t\t\t<\/div>","protected":false},"excerpt":{"rendered":"<p>Restaurante: DUM DUM Bernab\u00e9u Dise\u00f1o de restaurante de dumplings en Madrid. Ritmo y repetici\u00f3n. Vivienda: Habana La claridad del amanecer y la intimidad del atardecer. Vivienda: Ferrol Serenidad, amplitud y car\u00e1cter. Vivienda: Las Torres Car\u00e1cter nost\u00e1lgico a trav\u00e9s de los materiales y el mobiliario. Restaurante: DUMDUM Chamber\u00ed Funcionalidad y diversi\u00f3n, utilizando elementos que evocan misterio [&hellip;]<\/p>","protected":false},"author":1,"featured_media":0,"parent":0,"menu_order":0,"comment_status":"closed","ping_status":"closed","template":"","meta":{"footnotes":""},"class_list":["post-1840","page","type-page","status-publish","hentry"],"yoast_head":"<!-- This site is optimized with the Yoast SEO plugin v21.2 - https:\/\/yoast.com\/wordpress\/plugins\/seo\/ -->\n<title>Proyectos de interiorismo y decoraci\u00f3n en Madrid | Nota Estudio<\/title>\n<meta name=\"description\" content=\"Dise\u00f1amos espacios con identidad. Proyectos de interiorismo y decoraci\u00f3n en Madrid que reflejan qui\u00e9n eres. Cada lugar cuenta una historia.\" \/>\n<meta name=\"robots\" content=\"index, follow, max-snippet:-1, max-image-preview:large, max-video-preview:-1\" \/>\n<link rel=\"canonical\" href=\"http:\/\/nota-estudio.com\/en\/proyectos-interiorismo-decoracion-madrid\/\" \/>\n<meta property=\"og:locale\" content=\"en_GB\" \/>\n<meta property=\"og:type\" content=\"article\" \/>\n<meta property=\"og:title\" content=\"Proyectos de interiorismo y decoraci\u00f3n en Madrid | Nota Estudio\" \/>\n<meta property=\"og:description\" content=\"Dise\u00f1amos espacios con identidad. Proyectos de interiorismo y decoraci\u00f3n en Madrid que reflejan qui\u00e9n eres. Cada lugar cuenta una historia.\" \/>\n<meta property=\"og:url\" content=\"http:\/\/nota-estudio.com\/en\/proyectos-interiorismo-decoracion-madrid\/\" \/>\n<meta property=\"og:site_name\" content=\"_dise\u00f1amos espacios que hablan de las personas\" \/>\n<meta property=\"article:modified_time\" content=\"2026-03-23T16:31:22+00:00\" \/>\n<meta name=\"twitter:card\" content=\"summary_large_image\" \/>\n<meta name=\"twitter:label1\" content=\"Estimated reading time\" \/>\n\t<meta name=\"twitter:data1\" content=\"1 minute\" \/>\n<script type=\"application\/ld+json\" class=\"yoast-schema-graph\">{\"@context\":\"https:\/\/schema.org\",\"@graph\":[{\"@type\":[\"WebPage\",\"CollectionPage\"],\"@id\":\"https:\/\/nota-estudio.com\/proyectos-interiorismo-decoracion-madrid\",\"url\":\"https:\/\/nota-estudio.com\/proyectos-interiorismo-decoracion-madrid\",\"name\":\"Proyectos de interiorismo y decoraci\u00f3n en Madrid | Nota Estudio\",\"isPartOf\":{\"@id\":\"http:\/\/nota-estudio.com\/en\/#website\"},\"datePublished\":\"2023-11-03T13:18:21+00:00\",\"dateModified\":\"2026-03-23T16:31:22+00:00\",\"description\":\"Dise\u00f1amos espacios con identidad. Proyectos de interiorismo y decoraci\u00f3n en Madrid que reflejan qui\u00e9n eres. Cada lugar cuenta una historia.\",\"breadcrumb\":{\"@id\":\"https:\/\/nota-estudio.com\/proyectos-interiorismo-decoracion-madrid#breadcrumb\"},\"inLanguage\":\"en-GB\"},{\"@type\":\"BreadcrumbList\",\"@id\":\"https:\/\/nota-estudio.com\/proyectos-interiorismo-decoracion-madrid#breadcrumb\",\"itemListElement\":[{\"@type\":\"ListItem\",\"position\":1,\"name\":\"Portada\",\"item\":\"http:\/\/nota-estudio.com\/en\/\"},{\"@type\":\"ListItem\",\"position\":2,\"name\":\"proyectos\"}]},{\"@type\":\"WebSite\",\"@id\":\"http:\/\/nota-estudio.com\/en\/#website\",\"url\":\"http:\/\/nota-estudio.com\/en\/\",\"name\":\"_dise\u00f1amos espacios que hablan de las personas\",\"description\":\"arquitectura interior | dise\u00f1o y decoraci\u00f3n | consultor\u00eda de identidad\",\"publisher\":{\"@id\":\"http:\/\/nota-estudio.com\/en\/#organization\"},\"potentialAction\":[{\"@type\":\"SearchAction\",\"target\":{\"@type\":\"EntryPoint\",\"urlTemplate\":\"http:\/\/nota-estudio.com\/en\/?s={search_term_string}\"},\"query-input\":\"required name=search_term_string\"}],\"inLanguage\":\"en-GB\"},{\"@type\":\"Organization\",\"@id\":\"http:\/\/nota-estudio.com\/en\/#organization\",\"name\":\"Nota Estudio\",\"alternateName\":\"nota estudio\",\"url\":\"http:\/\/nota-estudio.com\/en\/\",\"logo\":{\"@type\":\"ImageObject\",\"inLanguage\":\"en-GB\",\"@id\":\"http:\/\/nota-estudio.com\/en\/#\/schema\/logo\/image\/\",\"url\":\"http:\/\/nota-estudio.com\/wp-content\/uploads\/2023\/07\/cropped-nota-story-metalMesa-de-trabajo-42-copia-17.png\",\"contentUrl\":\"http:\/\/nota-estudio.com\/wp-content\/uploads\/2023\/07\/cropped-nota-story-metalMesa-de-trabajo-42-copia-17.png\",\"width\":1009,\"height\":613,\"caption\":\"Nota Estudio\"},\"image\":{\"@id\":\"http:\/\/nota-estudio.com\/en\/#\/schema\/logo\/image\/\"},\"sameAs\":[\"https:\/\/www.linkedin.com\/company\/nota-estudio\/\",\"https:\/\/www.instagram.com\/nota_estudio\/?hl=en\"]}]}<\/script>\n<!-- \/ Yoast SEO plugin. -->","yoast_head_json":{"title":"Proyectos de interiorismo y decoraci\u00f3n en Madrid | Nota Estudio","description":"Dise\u00f1amos espacios con identidad. Proyectos de interiorismo y decoraci\u00f3n en Madrid que reflejan qui\u00e9n eres. Cada lugar cuenta una historia.","robots":{"index":"index","follow":"follow","max-snippet":"max-snippet:-1","max-image-preview":"max-image-preview:large","max-video-preview":"max-video-preview:-1"},"canonical":"http:\/\/nota-estudio.com\/en\/proyectos-interiorismo-decoracion-madrid\/","og_locale":"en_GB","og_type":"article","og_title":"Proyectos de interiorismo y decoraci\u00f3n en Madrid | Nota Estudio","og_description":"Dise\u00f1amos espacios con identidad. Proyectos de interiorismo y decoraci\u00f3n en Madrid que reflejan qui\u00e9n eres. Cada lugar cuenta una historia.","og_url":"http:\/\/nota-estudio.com\/en\/proyectos-interiorismo-decoracion-madrid\/","og_site_name":"_dise\u00f1amos espacios que hablan de las personas","article_modified_time":"2026-03-23T16:31:22+00:00","twitter_card":"summary_large_image","twitter_misc":{"Estimated reading time":"1 minute"},"schema":{"@context":"https:\/\/schema.org","@graph":[{"@type":["WebPage","CollectionPage"],"@id":"https:\/\/nota-estudio.com\/proyectos-interiorismo-decoracion-madrid","url":"https:\/\/nota-estudio.com\/proyectos-interiorismo-decoracion-madrid","name":"Proyectos de interiorismo y decoraci\u00f3n en Madrid | Nota Estudio","isPartOf":{"@id":"http:\/\/nota-estudio.com\/en\/#website"},"datePublished":"2023-11-03T13:18:21+00:00","dateModified":"2026-03-23T16:31:22+00:00","description":"Dise\u00f1amos espacios con identidad. Proyectos de interiorismo y decoraci\u00f3n en Madrid que reflejan qui\u00e9n eres. Cada lugar cuenta una historia.","breadcrumb":{"@id":"https:\/\/nota-estudio.com\/proyectos-interiorismo-decoracion-madrid#breadcrumb"},"inLanguage":"en-GB"},{"@type":"BreadcrumbList","@id":"https:\/\/nota-estudio.com\/proyectos-interiorismo-decoracion-madrid#breadcrumb","itemListElement":[{"@type":"ListItem","position":1,"name":"Portada","item":"http:\/\/nota-estudio.com\/en\/"},{"@type":"ListItem","position":2,"name":"proyectos"}]},{"@type":"WebSite","@id":"http:\/\/nota-estudio.com\/en\/#website","url":"http:\/\/nota-estudio.com\/en\/","name":"_dise\u00f1amos espacios que hablan de las personas","description":"arquitectura interior | dise\u00f1o y decoraci\u00f3n | consultor\u00eda de identidad","publisher":{"@id":"http:\/\/nota-estudio.com\/en\/#organization"},"potentialAction":[{"@type":"SearchAction","target":{"@type":"EntryPoint","urlTemplate":"http:\/\/nota-estudio.com\/en\/?s={search_term_string}"},"query-input":"required name=search_term_string"}],"inLanguage":"en-GB"},{"@type":"Organization","@id":"http:\/\/nota-estudio.com\/en\/#organization","name":"Nota Estudio","alternateName":"nota estudio","url":"http:\/\/nota-estudio.com\/en\/","logo":{"@type":"ImageObject","inLanguage":"en-GB","@id":"http:\/\/nota-estudio.com\/en\/#\/schema\/logo\/image\/","url":"http:\/\/nota-estudio.com\/wp-content\/uploads\/2023\/07\/cropped-nota-story-metalMesa-de-trabajo-42-copia-17.png","contentUrl":"http:\/\/nota-estudio.com\/wp-content\/uploads\/2023\/07\/cropped-nota-story-metalMesa-de-trabajo-42-copia-17.png","width":1009,"height":613,"caption":"Nota Estudio"},"image":{"@id":"http:\/\/nota-estudio.com\/en\/#\/schema\/logo\/image\/"},"sameAs":["https:\/\/www.linkedin.com\/company\/nota-estudio\/","https:\/\/www.instagram.com\/nota_estudio\/?hl=en"]}]}},"_links":{"self":[{"href":"http:\/\/nota-estudio.com\/en\/wp-json\/wp\/v2\/pages\/1840","targetHints":{"allow":["GET"]}}],"collection":[{"href":"http:\/\/nota-estudio.com\/en\/wp-json\/wp\/v2\/pages"}],"about":[{"href":"http:\/\/nota-estudio.com\/en\/wp-json\/wp\/v2\/types\/page"}],"author":[{"embeddable":true,"href":"http:\/\/nota-estudio.com\/en\/wp-json\/wp\/v2\/users\/1"}],"replies":[{"embeddable":true,"href":"http:\/\/nota-estudio.com\/en\/wp-json\/wp\/v2\/comments?post=1840"}],"version-history":[{"count":236,"href":"http:\/\/nota-estudio.com\/en\/wp-json\/wp\/v2\/pages\/1840\/revisions"}],"predecessor-version":[{"id":4692,"href":"http:\/\/nota-estudio.com\/en\/wp-json\/wp\/v2\/pages\/1840\/revisions\/4692"}],"wp:attachment":[{"href":"http:\/\/nota-estudio.com\/en\/wp-json\/wp\/v2\/media?parent=1840"}],"curies":[{"name":"wp","href":"https:\/\/api.w.org\/{rel}","templated":true}]}}