{"id":2021,"date":"2023-11-15T12:51:52","date_gmt":"2023-11-15T12:51:52","guid":{"rendered":"https:\/\/nota-estudio.com\/?page_id=2021"},"modified":"2026-01-14T17:00:18","modified_gmt":"2026-01-14T17:00:18","slug":"estudio-de-interiorismo-y-decoracion-en-madrid-nota-estudio","status":"publish","type":"page","link":"http:\/\/nota-estudio.com\/en\/","title":{"rendered":"Nota Estudio | Interiorismo y decoraci\u00f3n"},"content":{"rendered":"<div data-elementor-type=\"wp-page\" data-elementor-id=\"2021\" class=\"elementor elementor-2021\" data-elementor-post-type=\"page\">\n\t\t\t\t\t\t\t<div class=\"elementor-element elementor-element-4571285 e-flex e-con-boxed e-con e-parent\" data-id=\"4571285\" data-element_type=\"container\" data-settings=\"{&quot;container_type&quot;:&quot;flex&quot;,&quot;content_width&quot;:&quot;boxed&quot;}\" data-core-v316-plus=\"true\">\n\t\t\t\t\t<div class=\"e-con-inner\">\n\t\t\t\t<div class=\"elementor-element elementor-element-3e0d820 elementor-widget elementor-widget-heading\" data-id=\"3e0d820\" data-element_type=\"widget\" data-widget_type=\"heading.default\">\n\t\t\t\t<div class=\"elementor-widget-container\">\n\t\t\t<style>\/*! elementor - v3.17.0 - 08-11-2023 *\/\n.elementor-heading-title{padding:0;margin:0;line-height:1}.elementor-widget-heading .elementor-heading-title[class*=elementor-size-]>a{color:inherit;font-size:inherit;line-height:inherit}.elementor-widget-heading .elementor-heading-title.elementor-size-small{font-size:15px}.elementor-widget-heading .elementor-heading-title.elementor-size-medium{font-size:19px}.elementor-widget-heading .elementor-heading-title.elementor-size-large{font-size:29px}.elementor-widget-heading .elementor-heading-title.elementor-size-xl{font-size:39px}.elementor-widget-heading .elementor-heading-title.elementor-size-xxl{font-size:59px}<\/style><span class=\"elementor-heading-title elementor-size-large\">we create places that speak of the people who inhabit them<\/span>\t\t<\/div>\n\t\t\t\t<\/div>\n\t\t\t\t\t<\/div>\n\t\t\t\t<\/div>\n\t\t<div class=\"elementor-element elementor-element-b287dc1 e-flex e-con-boxed e-con e-parent\" data-id=\"b287dc1\" data-element_type=\"container\" data-settings=\"{&quot;container_type&quot;:&quot;flex&quot;,&quot;content_width&quot;:&quot;boxed&quot;}\" data-core-v316-plus=\"true\">\n\t\t\t\t\t<div class=\"e-con-inner\">\n\t\t\t\t<div class=\"elementor-element elementor-element-aa66789 elementor-widget elementor-widget-image\" data-id=\"aa66789\" data-element_type=\"widget\" data-widget_type=\"image.default\">\n\t\t\t\t<div class=\"elementor-widget-container\">\n\t\t\t<style>\/*! elementor - v3.17.0 - 08-11-2023 *\/\n.elementor-widget-image{text-align:center}.elementor-widget-image a{display:inline-block}.elementor-widget-image a img[src$=\".svg\"]{width:48px}.elementor-widget-image img{vertical-align:middle;display:inline-block}<\/style>\t\t\t\t\t\t\t\t\t\t\t\t<img fetchpriority=\"high\" decoding=\"async\" width=\"683\" height=\"1024\" src=\"http:\/\/nota-estudio.com\/wp-content\/uploads\/2025\/07\/grdr-2025-07-02-123242.478-683x1024.jpg\" class=\"attachment-large size-large wp-image-3895\" alt=\"\" srcset=\"http:\/\/nota-estudio.com\/wp-content\/uploads\/2025\/07\/grdr-2025-07-02-123242.478-683x1024.jpg 683w, http:\/\/nota-estudio.com\/wp-content\/uploads\/2025\/07\/grdr-2025-07-02-123242.478-200x300.jpg 200w, http:\/\/nota-estudio.com\/wp-content\/uploads\/2025\/07\/grdr-2025-07-02-123242.478-768x1152.jpg 768w, http:\/\/nota-estudio.com\/wp-content\/uploads\/2025\/07\/grdr-2025-07-02-123242.478-1024x1536.jpg 1024w, http:\/\/nota-estudio.com\/wp-content\/uploads\/2025\/07\/grdr-2025-07-02-123242.478-1365x2048.jpg 1365w, http:\/\/nota-estudio.com\/wp-content\/uploads\/2025\/07\/grdr-2025-07-02-123242.478-8x12.jpg 8w, http:\/\/nota-estudio.com\/wp-content\/uploads\/2025\/07\/grdr-2025-07-02-123242.478-scaled.jpg 1706w\" sizes=\"(max-width: 683px) 100vw, 683px\" \/>\t\t\t\t\t\t\t\t\t\t\t\t\t\t\t<\/div>\n\t\t\t\t<\/div>\n\t\t\t\t\t<\/div>\n\t\t\t\t<\/div>\n\t\t<div class=\"elementor-element elementor-element-909e7be e-flex e-con-boxed e-con e-parent\" data-id=\"909e7be\" data-element_type=\"container\" data-settings=\"{&quot;container_type&quot;:&quot;flex&quot;,&quot;content_width&quot;:&quot;boxed&quot;}\" data-core-v316-plus=\"true\">\n\t\t\t\t\t<div class=\"e-con-inner\">\n\t\t\t\t<div class=\"elementor-element elementor-element-abc0e9a elementor-widget elementor-widget-text-editor\" data-id=\"abc0e9a\" data-element_type=\"widget\" data-widget_type=\"text-editor.default\">\n\t\t\t\t<div class=\"elementor-widget-container\">\n\t\t\t<style>\/*! elementor - v3.17.0 - 08-11-2023 *\/\n.elementor-widget-text-editor.elementor-drop-cap-view-stacked .elementor-drop-cap{background-color:#69727d;color:#fff}.elementor-widget-text-editor.elementor-drop-cap-view-framed .elementor-drop-cap{color:#69727d;border:3px solid;background-color:transparent}.elementor-widget-text-editor:not(.elementor-drop-cap-view-default) .elementor-drop-cap{margin-top:8px}.elementor-widget-text-editor:not(.elementor-drop-cap-view-default) .elementor-drop-cap-letter{width:1em;height:1em}.elementor-widget-text-editor .elementor-drop-cap{float:left;text-align:center;line-height:1;font-size:50px}.elementor-widget-text-editor .elementor-drop-cap-letter{display:inline-block}<\/style>\t\t\t\t<p style=\"text-align: center;\"><a href=\"http:\/\/nota-estudio.com\/en\/servicios-de-interiorismo-y-decoracion\/\"><span style=\"font-family: arial, helvetica, sans-serif; font-size: 18pt; color: #000000;\"><a href=\"http:\/\/nota-estudio.com\/en\/proyectos-interiorismo-decoracion-madrid\/\"><span style=\"color: #55523a; font-family: arial, helvetica, sans-serif;\">emoci\u00f3n, v\u00ednculo y bienestar<\/span><\/a><\/span><\/a><\/p>\t\t\t\t\t\t<\/div>\n\t\t\t\t<\/div>\n\t\t\t\t\t<\/div>\n\t\t\t\t<\/div>\n\t\t\t\t\t\t\t<\/div>","protected":false},"excerpt":{"rendered":"<p>dise\u00f1amos espacios que hablan de las personas emoci\u00f3n, v\u00ednculo y bienestar<\/p>","protected":false},"author":1,"featured_media":0,"parent":0,"menu_order":0,"comment_status":"closed","ping_status":"closed","template":"","meta":{"footnotes":""},"class_list":["post-2021","page","type-page","status-publish","hentry"],"yoast_head":"<!-- This site is optimized with the Yoast SEO plugin v21.2 - https:\/\/yoast.com\/wordpress\/plugins\/seo\/ -->\n<title>Estudio de interiorismo y decoraci\u00f3n en Madrid | Nota Estudio<\/title>\n<meta name=\"description\" content=\"Estudio de interiorismo y decoraci\u00f3n en Madrid. Proyectos cercanos, sensibles, con identidad y que priorizan el bienestar.\" \/>\n<meta name=\"robots\" content=\"index, follow, max-snippet:-1, max-image-preview:large, max-video-preview:-1\" \/>\n<link rel=\"canonical\" href=\"http:\/\/nota-estudio.com\/en\/\" \/>\n<meta property=\"og:locale\" content=\"en_GB\" \/>\n<meta property=\"og:type\" content=\"article\" \/>\n<meta property=\"og:title\" content=\"Estudio de interiorismo y decoraci\u00f3n en Madrid | Nota Estudio\" \/>\n<meta property=\"og:description\" content=\"Estudio de interiorismo y decoraci\u00f3n en Madrid. Proyectos cercanos, sensibles, con identidad y que priorizan el bienestar.\" \/>\n<meta property=\"og:url\" content=\"http:\/\/nota-estudio.com\/en\/\" \/>\n<meta property=\"og:site_name\" content=\"_dise\u00f1amos espacios que hablan de las personas\" \/>\n<meta property=\"article:modified_time\" content=\"2026-01-14T17:00:18+00:00\" \/>\n<meta property=\"og:image\" content=\"http:\/\/nota-estudio.com\/wp-content\/uploads\/2025\/07\/grdr-2025-07-02-123242.478-683x1024.jpg\" \/>\n<meta name=\"twitter:card\" content=\"summary_large_image\" \/>\n<meta name=\"twitter:label1\" content=\"Estimated reading time\" \/>\n\t<meta name=\"twitter:data1\" content=\"1 minute\" \/>\n<script type=\"application\/ld+json\" class=\"yoast-schema-graph\">{\"@context\":\"https:\/\/schema.org\",\"@graph\":[{\"@type\":\"WebPage\",\"@id\":\"http:\/\/nota-estudio.com\/en\/\",\"url\":\"http:\/\/nota-estudio.com\/en\/\",\"name\":\"Estudio de interiorismo y decoraci\u00f3n en Madrid | Nota Estudio\",\"isPartOf\":{\"@id\":\"http:\/\/nota-estudio.com\/en\/#website\"},\"datePublished\":\"2023-11-15T12:51:52+00:00\",\"dateModified\":\"2026-01-14T17:00:18+00:00\",\"description\":\"Estudio de interiorismo y decoraci\u00f3n en Madrid. Proyectos cercanos, sensibles, con identidad y que priorizan el bienestar.\",\"breadcrumb\":{\"@id\":\"http:\/\/nota-estudio.com\/en\/#breadcrumb\"},\"inLanguage\":\"en-GB\",\"potentialAction\":[{\"@type\":\"ReadAction\",\"target\":[\"http:\/\/nota-estudio.com\/en\/\"]}]},{\"@type\":\"BreadcrumbList\",\"@id\":\"http:\/\/nota-estudio.com\/en\/#breadcrumb\",\"itemListElement\":[{\"@type\":\"ListItem\",\"position\":1,\"name\":\"Portada\",\"item\":\"http:\/\/nota-estudio.com\/en\/\"},{\"@type\":\"ListItem\",\"position\":2,\"name\":\"Nota Estudio | Interiorismo y decoraci\u00f3n\"}]},{\"@type\":\"WebSite\",\"@id\":\"http:\/\/nota-estudio.com\/en\/#website\",\"url\":\"http:\/\/nota-estudio.com\/en\/\",\"name\":\"_dise\u00f1amos espacios que hablan de las personas\",\"description\":\"arquitectura interior | dise\u00f1o y decoraci\u00f3n | consultor\u00eda de identidad\",\"publisher\":{\"@id\":\"http:\/\/nota-estudio.com\/en\/#organization\"},\"potentialAction\":[{\"@type\":\"SearchAction\",\"target\":{\"@type\":\"EntryPoint\",\"urlTemplate\":\"http:\/\/nota-estudio.com\/en\/?s={search_term_string}\"},\"query-input\":\"required name=search_term_string\"}],\"inLanguage\":\"en-GB\"},{\"@type\":\"Organization\",\"@id\":\"http:\/\/nota-estudio.com\/en\/#organization\",\"name\":\"Nota Estudio\",\"alternateName\":\"nota estudio\",\"url\":\"http:\/\/nota-estudio.com\/en\/\",\"logo\":{\"@type\":\"ImageObject\",\"inLanguage\":\"en-GB\",\"@id\":\"http:\/\/nota-estudio.com\/en\/#\/schema\/logo\/image\/\",\"url\":\"http:\/\/nota-estudio.com\/wp-content\/uploads\/2023\/07\/cropped-nota-story-metalMesa-de-trabajo-42-copia-17.png\",\"contentUrl\":\"http:\/\/nota-estudio.com\/wp-content\/uploads\/2023\/07\/cropped-nota-story-metalMesa-de-trabajo-42-copia-17.png\",\"width\":1009,\"height\":613,\"caption\":\"Nota Estudio\"},\"image\":{\"@id\":\"http:\/\/nota-estudio.com\/en\/#\/schema\/logo\/image\/\"},\"sameAs\":[\"https:\/\/www.linkedin.com\/company\/nota-estudio\/\",\"https:\/\/www.instagram.com\/nota_estudio\/?hl=en\"]}]}<\/script>\n<!-- \/ Yoast SEO plugin. -->","yoast_head_json":{"title":"Estudio de interiorismo y decoraci\u00f3n en Madrid | Nota Estudio","description":"Estudio de interiorismo y decoraci\u00f3n en Madrid. Proyectos cercanos, sensibles, con identidad y que priorizan el bienestar.","robots":{"index":"index","follow":"follow","max-snippet":"max-snippet:-1","max-image-preview":"max-image-preview:large","max-video-preview":"max-video-preview:-1"},"canonical":"http:\/\/nota-estudio.com\/en\/","og_locale":"en_GB","og_type":"article","og_title":"Estudio de interiorismo y decoraci\u00f3n en Madrid | Nota Estudio","og_description":"Estudio de interiorismo y decoraci\u00f3n en Madrid. Proyectos cercanos, sensibles, con identidad y que priorizan el bienestar.","og_url":"http:\/\/nota-estudio.com\/en\/","og_site_name":"_dise\u00f1amos espacios que hablan de las personas","article_modified_time":"2026-01-14T17:00:18+00:00","og_image":[{"url":"http:\/\/nota-estudio.com\/wp-content\/uploads\/2025\/07\/grdr-2025-07-02-123242.478-683x1024.jpg"}],"twitter_card":"summary_large_image","twitter_misc":{"Estimated reading time":"1 minute"},"schema":{"@context":"https:\/\/schema.org","@graph":[{"@type":"WebPage","@id":"http:\/\/nota-estudio.com\/en\/","url":"http:\/\/nota-estudio.com\/en\/","name":"Estudio de interiorismo y decoraci\u00f3n en Madrid | Nota Estudio","isPartOf":{"@id":"http:\/\/nota-estudio.com\/en\/#website"},"datePublished":"2023-11-15T12:51:52+00:00","dateModified":"2026-01-14T17:00:18+00:00","description":"Estudio de interiorismo y decoraci\u00f3n en Madrid. Proyectos cercanos, sensibles, con identidad y que priorizan el bienestar.","breadcrumb":{"@id":"http:\/\/nota-estudio.com\/en\/#breadcrumb"},"inLanguage":"en-GB","potentialAction":[{"@type":"ReadAction","target":["http:\/\/nota-estudio.com\/en\/"]}]},{"@type":"BreadcrumbList","@id":"http:\/\/nota-estudio.com\/en\/#breadcrumb","itemListElement":[{"@type":"ListItem","position":1,"name":"Portada","item":"http:\/\/nota-estudio.com\/en\/"},{"@type":"ListItem","position":2,"name":"Nota Estudio | Interiorismo y decoraci\u00f3n"}]},{"@type":"WebSite","@id":"http:\/\/nota-estudio.com\/en\/#website","url":"http:\/\/nota-estudio.com\/en\/","name":"_dise\u00f1amos espacios que hablan de las personas","description":"arquitectura interior | dise\u00f1o y decoraci\u00f3n | consultor\u00eda de identidad","publisher":{"@id":"http:\/\/nota-estudio.com\/en\/#organization"},"potentialAction":[{"@type":"SearchAction","target":{"@type":"EntryPoint","urlTemplate":"http:\/\/nota-estudio.com\/en\/?s={search_term_string}"},"query-input":"required name=search_term_string"}],"inLanguage":"en-GB"},{"@type":"Organization","@id":"http:\/\/nota-estudio.com\/en\/#organization","name":"Nota Estudio","alternateName":"nota estudio","url":"http:\/\/nota-estudio.com\/en\/","logo":{"@type":"ImageObject","inLanguage":"en-GB","@id":"http:\/\/nota-estudio.com\/en\/#\/schema\/logo\/image\/","url":"http:\/\/nota-estudio.com\/wp-content\/uploads\/2023\/07\/cropped-nota-story-metalMesa-de-trabajo-42-copia-17.png","contentUrl":"http:\/\/nota-estudio.com\/wp-content\/uploads\/2023\/07\/cropped-nota-story-metalMesa-de-trabajo-42-copia-17.png","width":1009,"height":613,"caption":"Nota Estudio"},"image":{"@id":"http:\/\/nota-estudio.com\/en\/#\/schema\/logo\/image\/"},"sameAs":["https:\/\/www.linkedin.com\/company\/nota-estudio\/","https:\/\/www.instagram.com\/nota_estudio\/?hl=en"]}]}},"_links":{"self":[{"href":"http:\/\/nota-estudio.com\/en\/wp-json\/wp\/v2\/pages\/2021","targetHints":{"allow":["GET"]}}],"collection":[{"href":"http:\/\/nota-estudio.com\/en\/wp-json\/wp\/v2\/pages"}],"about":[{"href":"http:\/\/nota-estudio.com\/en\/wp-json\/wp\/v2\/types\/page"}],"author":[{"embeddable":true,"href":"http:\/\/nota-estudio.com\/en\/wp-json\/wp\/v2\/users\/1"}],"replies":[{"embeddable":true,"href":"http:\/\/nota-estudio.com\/en\/wp-json\/wp\/v2\/comments?post=2021"}],"version-history":[{"count":163,"href":"http:\/\/nota-estudio.com\/en\/wp-json\/wp\/v2\/pages\/2021\/revisions"}],"predecessor-version":[{"id":4428,"href":"http:\/\/nota-estudio.com\/en\/wp-json\/wp\/v2\/pages\/2021\/revisions\/4428"}],"wp:attachment":[{"href":"http:\/\/nota-estudio.com\/en\/wp-json\/wp\/v2\/media?parent=2021"}],"curies":[{"name":"wp","href":"https:\/\/api.w.org\/{rel}","templated":true}]}}