{"id":3325,"date":"2025-01-20T11:20:50","date_gmt":"2025-01-20T11:20:50","guid":{"rendered":"https:\/\/nota-estudio.com\/?page_id=3325"},"modified":"2026-01-14T11:31:32","modified_gmt":"2026-01-14T11:31:32","slug":"diseno-de-airbnb-en-madrid-para-mysuite","status":"publish","type":"page","link":"http:\/\/nota-estudio.com\/en\/diseno-de-airbnb-en-madrid-para-mysuite","title":{"rendered":"Apartamentos Tur\u00edsticos: Betancourt"},"content":{"rendered":"<div data-elementor-type=\"wp-page\" data-elementor-id=\"3325\" class=\"elementor elementor-3325\" data-elementor-post-type=\"page\">\n\t\t\t\t\t\t\t<div class=\"elementor-element elementor-element-f107b30 e-flex e-con-boxed e-con e-parent\" data-id=\"f107b30\" data-element_type=\"container\" data-settings=\"{&quot;container_type&quot;:&quot;flex&quot;,&quot;content_width&quot;:&quot;boxed&quot;}\" data-core-v316-plus=\"true\">\n\t\t\t\t\t<div class=\"e-con-inner\">\n\t\t\t\t<div class=\"elementor-element elementor-element-683dbdc elementor-widget elementor-widget-heading\" data-id=\"683dbdc\" data-element_type=\"widget\" data-widget_type=\"heading.default\">\n\t\t\t\t<div class=\"elementor-widget-container\">\n\t\t\t<style>\/*! elementor - v3.17.0 - 08-11-2023 *\/\n.elementor-heading-title{padding:0;margin:0;line-height:1}.elementor-widget-heading .elementor-heading-title[class*=elementor-size-]>a{color:inherit;font-size:inherit;line-height:inherit}.elementor-widget-heading .elementor-heading-title.elementor-size-small{font-size:15px}.elementor-widget-heading .elementor-heading-title.elementor-size-medium{font-size:19px}.elementor-widget-heading .elementor-heading-title.elementor-size-large{font-size:29px}.elementor-widget-heading .elementor-heading-title.elementor-size-xl{font-size:39px}.elementor-widget-heading .elementor-heading-title.elementor-size-xxl{font-size:59px}<\/style><h2 class=\"elementor-heading-title elementor-size-large\">Dise\u00f1o de Apartamentos tur\u00edsticos en Madrid | Mysuite<\/h2>\t\t<\/div>\n\t\t\t\t<\/div>\n\t\t\t\t\t<\/div>\n\t\t\t\t<\/div>\n\t\t<div class=\"elementor-element elementor-element-25ca03c e-flex e-con-boxed e-con e-parent\" data-id=\"25ca03c\" data-element_type=\"container\" data-settings=\"{&quot;container_type&quot;:&quot;flex&quot;,&quot;content_width&quot;:&quot;boxed&quot;}\" data-core-v316-plus=\"true\">\n\t\t\t\t\t<div class=\"e-con-inner\">\n\t\t\t\t<div class=\"elementor-element elementor-element-18c62ee elementor-widget elementor-widget-image\" data-id=\"18c62ee\" data-element_type=\"widget\" data-widget_type=\"image.default\">\n\t\t\t\t<div class=\"elementor-widget-container\">\n\t\t\t<style>\/*! elementor - v3.17.0 - 08-11-2023 *\/\n.elementor-widget-image{text-align:center}.elementor-widget-image a{display:inline-block}.elementor-widget-image a img[src$=\".svg\"]{width:48px}.elementor-widget-image img{vertical-align:middle;display:inline-block}<\/style>\t\t\t\t\t\t\t\t\t<figure class=\"wp-caption\">\n\t\t\t\t\t\t\t\t\t\t<img fetchpriority=\"high\" decoding=\"async\" width=\"2560\" height=\"1623\" src=\"http:\/\/nota-estudio.com\/wp-content\/uploads\/2025\/01\/2-scaled.jpeg\" class=\"attachment-full size-full wp-image-3317\" alt=\"\" srcset=\"http:\/\/nota-estudio.com\/wp-content\/uploads\/2025\/01\/2-scaled.jpeg 2560w, http:\/\/nota-estudio.com\/wp-content\/uploads\/2025\/01\/2-300x190.jpeg 300w, http:\/\/nota-estudio.com\/wp-content\/uploads\/2025\/01\/2-1024x649.jpeg 1024w, http:\/\/nota-estudio.com\/wp-content\/uploads\/2025\/01\/2-768x487.jpeg 768w, http:\/\/nota-estudio.com\/wp-content\/uploads\/2025\/01\/2-1536x974.jpeg 1536w, http:\/\/nota-estudio.com\/wp-content\/uploads\/2025\/01\/2-2048x1298.jpeg 2048w, http:\/\/nota-estudio.com\/wp-content\/uploads\/2025\/01\/2-18x12.jpeg 18w\" sizes=\"(max-width: 2560px) 100vw, 2560px\" \/>\t\t\t\t\t\t\t\t\t\t\t<figcaption class=\"widget-image-caption wp-caption-text\">Dormitorio en habitaci\u00f3n D\u00faplex<\/figcaption>\n\t\t\t\t\t\t\t\t\t\t<\/figure>\n\t\t\t\t\t\t\t\t\t<\/div>\n\t\t\t\t<\/div>\n\t\t\t\t\t<\/div>\n\t\t\t\t<\/div>\n\t\t<div class=\"elementor-element elementor-element-324a947 e-flex e-con-boxed e-con e-parent\" data-id=\"324a947\" data-element_type=\"container\" data-settings=\"{&quot;container_type&quot;:&quot;flex&quot;,&quot;content_width&quot;:&quot;boxed&quot;}\" data-core-v316-plus=\"true\">\n\t\t\t\t\t<div class=\"e-con-inner\">\n\t\t\t\t<div class=\"elementor-element elementor-element-c185127 elementor-widget elementor-widget-text-editor\" data-id=\"c185127\" data-element_type=\"widget\" data-widget_type=\"text-editor.default\">\n\t\t\t\t<div class=\"elementor-widget-container\">\n\t\t\t<style>\/*! elementor - v3.17.0 - 08-11-2023 *\/\n.elementor-widget-text-editor.elementor-drop-cap-view-stacked .elementor-drop-cap{background-color:#69727d;color:#fff}.elementor-widget-text-editor.elementor-drop-cap-view-framed .elementor-drop-cap{color:#69727d;border:3px solid;background-color:transparent}.elementor-widget-text-editor:not(.elementor-drop-cap-view-default) .elementor-drop-cap{margin-top:8px}.elementor-widget-text-editor:not(.elementor-drop-cap-view-default) .elementor-drop-cap-letter{width:1em;height:1em}.elementor-widget-text-editor .elementor-drop-cap{float:left;text-align:center;line-height:1;font-size:50px}.elementor-widget-text-editor .elementor-drop-cap-letter{display:inline-block}<\/style>\t\t\t\t<p><span style=\"font-family: arial, helvetica, sans-serif; font-size: 10pt;\">El dise\u00f1o de Apartamentos tur\u00edsticos en Madrid para <span style=\"color: #55523a;\"><strong data-start=\"386\" data-end=\"431\"><a class=\"\" style=\"color: #55523a;\" href=\"https:\/\/www.mysuitemadrid.com\/\" target=\"_new\" rel=\"noopener\" data-start=\"388\" data-end=\"429\">Mysuite<\/a><\/strong><\/span> se concibe como una experiencia silenciosa e \u00edntima, pensada para ofrecer a los viajeros una pausa dentro del ritmo de la ciudad. Ubicado en el coraz\u00f3n de Madrid, este apartamento tur\u00edstico redefine la hospitalidad a trav\u00e9s del cuidado del espacio, la luz y los materiales. <\/span><\/p>\t\t\t\t\t\t<\/div>\n\t\t\t\t<\/div>\n\t\t\t\t\t<\/div>\n\t\t\t\t<\/div>\n\t\t<div class=\"elementor-element elementor-element-7aa4178 e-flex e-con-boxed e-con e-parent\" data-id=\"7aa4178\" data-element_type=\"container\" data-settings=\"{&quot;container_type&quot;:&quot;flex&quot;,&quot;content_width&quot;:&quot;boxed&quot;}\" data-core-v316-plus=\"true\">\n\t\t\t\t\t<div class=\"e-con-inner\">\n\t\t\t\t<div class=\"elementor-element elementor-element-fade975 elementor-widget elementor-widget-image\" data-id=\"fade975\" data-element_type=\"widget\" data-widget_type=\"image.default\">\n\t\t\t\t<div class=\"elementor-widget-container\">\n\t\t\t\t\t\t\t\t\t\t\t\t\t\t\t<img decoding=\"async\" width=\"2560\" height=\"1623\" src=\"http:\/\/nota-estudio.com\/wp-content\/uploads\/2025\/01\/1-scaled.jpeg\" class=\"attachment-full size-full wp-image-3316\" alt=\"\" srcset=\"http:\/\/nota-estudio.com\/wp-content\/uploads\/2025\/01\/1-scaled.jpeg 2560w, http:\/\/nota-estudio.com\/wp-content\/uploads\/2025\/01\/1-300x190.jpeg 300w, http:\/\/nota-estudio.com\/wp-content\/uploads\/2025\/01\/1-1024x649.jpeg 1024w, http:\/\/nota-estudio.com\/wp-content\/uploads\/2025\/01\/1-768x487.jpeg 768w, http:\/\/nota-estudio.com\/wp-content\/uploads\/2025\/01\/1-1536x974.jpeg 1536w, http:\/\/nota-estudio.com\/wp-content\/uploads\/2025\/01\/1-2048x1298.jpeg 2048w, http:\/\/nota-estudio.com\/wp-content\/uploads\/2025\/01\/1-18x12.jpeg 18w\" sizes=\"(max-width: 2560px) 100vw, 2560px\" \/>\t\t\t\t\t\t\t\t\t\t\t\t\t\t\t<\/div>\n\t\t\t\t<\/div>\n\t\t\t\t\t<\/div>\n\t\t\t\t<\/div>\n\t\t<div class=\"elementor-element elementor-element-67d5d95 e-flex e-con-boxed e-con e-parent\" data-id=\"67d5d95\" data-element_type=\"container\" data-settings=\"{&quot;container_type&quot;:&quot;flex&quot;,&quot;content_width&quot;:&quot;boxed&quot;}\" data-core-v316-plus=\"true\">\n\t\t\t\t\t<div class=\"e-con-inner\">\n\t\t\t\t<div class=\"elementor-element elementor-element-407ddd4 elementor-widget elementor-widget-text-editor\" data-id=\"407ddd4\" data-element_type=\"widget\" data-widget_type=\"text-editor.default\">\n\t\t\t\t<div class=\"elementor-widget-container\">\n\t\t\t\t\t\t\t<p><span style=\"font-family: arial, helvetica, sans-serif; font-size: 10pt;\">Desde Nota Estudio entendimos que este dise\u00f1o deb\u00eda transmitir calma, belleza y recogimiento. La distribuci\u00f3n favorece la privacidad del hu\u00e9sped y la conexi\u00f3n visual entre estancias, generando amplitud sin perder la sensaci\u00f3n de refugio. Las cortinas, alfombras y sus tonos suaves refuerzan esta atm\u00f3sfera contenida.<\/span><\/p><p><span style=\"font-family: arial, helvetica, sans-serif; font-size: 10pt;\">Un punto clave en el dise\u00f1o de estos Apartamentos en Madrid es la <strong data-start=\"998\" data-end=\"1035\">iluminaci\u00f3n indirecta y regulable<\/strong>, pensada para destacar vol\u00famenes arquitect\u00f3nicos y reforzar la atm\u00f3sfera relajante del espacio. Este juego de luces contribuye a crear un refugio sereno que conecta con la elegancia de otras \u00e9pocas, pero responde a las necesidades y el confort del presente.<\/span><\/p><p><span style=\"font-family: arial, helvetica, sans-serif; font-size: 10pt;\">El proyecto gira en torno a la idea de que el verdadero lujo est\u00e1 en el silencio, el confort y la sencillez bien pensada. As\u00ed, este apartamento de Mysuite propone una nueva manera de habitar lo temporal: m\u00e1s \u00edntima, m\u00e1s consciente y m\u00e1s emocional.<\/span><\/p>\t\t\t\t\t\t<\/div>\n\t\t\t\t<\/div>\n\t\t\t\t\t<\/div>\n\t\t\t\t<\/div>\n\t\t<div class=\"elementor-element elementor-element-948a178 e-flex e-con-boxed e-con e-parent\" data-id=\"948a178\" data-element_type=\"container\" data-settings=\"{&quot;container_type&quot;:&quot;flex&quot;,&quot;content_width&quot;:&quot;boxed&quot;}\" data-core-v316-plus=\"true\">\n\t\t\t\t\t<div class=\"e-con-inner\">\n\t\t\t\t<div class=\"elementor-element elementor-element-4a9104d elementor-widget elementor-widget-image\" data-id=\"4a9104d\" data-element_type=\"widget\" data-widget_type=\"image.default\">\n\t\t\t\t<div class=\"elementor-widget-container\">\n\t\t\t\t\t\t\t\t\t\t\t\t\t\t\t<img decoding=\"async\" width=\"2560\" height=\"1623\" src=\"http:\/\/nota-estudio.com\/wp-content\/uploads\/2025\/01\/3-scaled.jpeg\" class=\"attachment-full size-full wp-image-3318\" alt=\"\" srcset=\"http:\/\/nota-estudio.com\/wp-content\/uploads\/2025\/01\/3-scaled.jpeg 2560w, http:\/\/nota-estudio.com\/wp-content\/uploads\/2025\/01\/3-300x190.jpeg 300w, http:\/\/nota-estudio.com\/wp-content\/uploads\/2025\/01\/3-1024x649.jpeg 1024w, http:\/\/nota-estudio.com\/wp-content\/uploads\/2025\/01\/3-768x487.jpeg 768w, http:\/\/nota-estudio.com\/wp-content\/uploads\/2025\/01\/3-1536x974.jpeg 1536w, http:\/\/nota-estudio.com\/wp-content\/uploads\/2025\/01\/3-2048x1298.jpeg 2048w, http:\/\/nota-estudio.com\/wp-content\/uploads\/2025\/01\/3-18x12.jpeg 18w\" sizes=\"(max-width: 2560px) 100vw, 2560px\" \/>\t\t\t\t\t\t\t\t\t\t\t\t\t\t\t<\/div>\n\t\t\t\t<\/div>\n\t\t\t\t\t<\/div>\n\t\t\t\t<\/div>\n\t\t<div class=\"elementor-element elementor-element-c29a943 e-flex e-con-boxed e-con e-parent\" data-id=\"c29a943\" data-element_type=\"container\" data-settings=\"{&quot;container_type&quot;:&quot;flex&quot;,&quot;content_width&quot;:&quot;boxed&quot;}\" data-core-v316-plus=\"true\">\n\t\t\t\t\t<div class=\"e-con-inner\">\n\t\t\t\t<div class=\"elementor-element elementor-element-7158d1c elementor-widget elementor-widget-text-editor\" data-id=\"7158d1c\" data-element_type=\"widget\" data-widget_type=\"text-editor.default\">\n\t\t\t\t<div class=\"elementor-widget-container\">\n\t\t\t\t\t\t\t<p style=\"text-align: center;\"><span style=\"font-family: arial, helvetica, sans-serif; color: #55523a;\"><a style=\"color: #55523a;\" href=\"http:\/\/nota-estudio.com\/en\/servicios-de-interiorismo-y-decoracion\/\">Conoce c\u00f3mo trabajamos<\/a>.<\/span><\/p>\t\t\t\t\t\t<\/div>\n\t\t\t\t<\/div>\n\t\t\t\t\t<\/div>\n\t\t\t\t<\/div>\n\t\t\t\t\t\t\t<\/div>","protected":false},"excerpt":{"rendered":"<p>Dise\u00f1o de Apartamentos tur\u00edsticos en Madrid | Mysuite Dormitorio en habitaci\u00f3n D\u00faplex El dise\u00f1o de Apartamentos tur\u00edsticos en Madrid para Mysuite se concibe como una experiencia silenciosa e \u00edntima, pensada para ofrecer a los viajeros una pausa dentro del ritmo de la ciudad. Ubicado en el coraz\u00f3n de Madrid, este apartamento tur\u00edstico redefine la hospitalidad [&hellip;]<\/p>","protected":false},"author":1,"featured_media":0,"parent":0,"menu_order":0,"comment_status":"closed","ping_status":"closed","template":"","meta":{"footnotes":""},"class_list":["post-3325","page","type-page","status-publish","hentry"],"yoast_head":"<!-- This site is optimized with the Yoast SEO plugin v21.2 - https:\/\/yoast.com\/wordpress\/plugins\/seo\/ -->\n<title>Dise\u00f1o de Airbnb Tur\u00edsticos en Madrid para Mysuite<\/title>\n<meta name=\"description\" content=\"Dise\u00f1o de Airbnb en Madrid para Mysuite. Un espacio donde la intimidad, el silencio y la belleza esencial elevan la experiencia del viajero.\" \/>\n<meta name=\"robots\" content=\"index, follow, max-snippet:-1, max-image-preview:large, max-video-preview:-1\" \/>\n<link rel=\"canonical\" href=\"http:\/\/nota-estudio.com\/en\/diseno-de-airbnb-en-madrid-para-mysuite\/\" \/>\n<meta property=\"og:locale\" content=\"en_GB\" \/>\n<meta property=\"og:type\" content=\"article\" \/>\n<meta property=\"og:title\" content=\"Dise\u00f1o de Airbnb Tur\u00edsticos en Madrid para Mysuite\" \/>\n<meta property=\"og:description\" content=\"Dise\u00f1o de Airbnb en Madrid para Mysuite. Un espacio donde la intimidad, el silencio y la belleza esencial elevan la experiencia del viajero.\" \/>\n<meta property=\"og:url\" content=\"http:\/\/nota-estudio.com\/en\/diseno-de-airbnb-en-madrid-para-mysuite\/\" \/>\n<meta property=\"og:site_name\" content=\"_dise\u00f1amos espacios que hablan de las personas\" \/>\n<meta property=\"article:modified_time\" content=\"2026-01-14T11:31:32+00:00\" \/>\n<meta property=\"og:image\" content=\"http:\/\/nota-estudio.com\/wp-content\/uploads\/2025\/01\/2-scaled.jpeg\" \/>\n<meta name=\"twitter:card\" content=\"summary_large_image\" \/>\n<meta name=\"twitter:label1\" content=\"Estimated reading time\" \/>\n\t<meta name=\"twitter:data1\" content=\"2 minutes\" \/>\n<script type=\"application\/ld+json\" class=\"yoast-schema-graph\">{\"@context\":\"https:\/\/schema.org\",\"@graph\":[{\"@type\":\"WebPage\",\"@id\":\"https:\/\/nota-estudio.com\/diseno-de-airbnb-en-madrid-para-mysuite\",\"url\":\"https:\/\/nota-estudio.com\/diseno-de-airbnb-en-madrid-para-mysuite\",\"name\":\"Dise\u00f1o de Airbnb Tur\u00edsticos en Madrid para Mysuite\",\"isPartOf\":{\"@id\":\"http:\/\/nota-estudio.com\/en\/#website\"},\"datePublished\":\"2025-01-20T11:20:50+00:00\",\"dateModified\":\"2026-01-14T11:31:32+00:00\",\"description\":\"Dise\u00f1o de Airbnb en Madrid para Mysuite. Un espacio donde la intimidad, el silencio y la belleza esencial elevan la experiencia del viajero.\",\"breadcrumb\":{\"@id\":\"https:\/\/nota-estudio.com\/diseno-de-airbnb-en-madrid-para-mysuite#breadcrumb\"},\"inLanguage\":\"en-GB\",\"potentialAction\":[{\"@type\":\"ReadAction\",\"target\":[\"https:\/\/nota-estudio.com\/diseno-de-airbnb-en-madrid-para-mysuite\"]}]},{\"@type\":\"BreadcrumbList\",\"@id\":\"https:\/\/nota-estudio.com\/diseno-de-airbnb-en-madrid-para-mysuite#breadcrumb\",\"itemListElement\":[{\"@type\":\"ListItem\",\"position\":1,\"name\":\"Portada\",\"item\":\"http:\/\/nota-estudio.com\/en\/\"},{\"@type\":\"ListItem\",\"position\":2,\"name\":\"Apartamentos Tur\u00edsticos: Betancourt\"}]},{\"@type\":\"WebSite\",\"@id\":\"http:\/\/nota-estudio.com\/en\/#website\",\"url\":\"http:\/\/nota-estudio.com\/en\/\",\"name\":\"_dise\u00f1amos espacios que hablan de las personas\",\"description\":\"arquitectura interior | dise\u00f1o y decoraci\u00f3n | consultor\u00eda de identidad\",\"publisher\":{\"@id\":\"http:\/\/nota-estudio.com\/en\/#organization\"},\"potentialAction\":[{\"@type\":\"SearchAction\",\"target\":{\"@type\":\"EntryPoint\",\"urlTemplate\":\"http:\/\/nota-estudio.com\/en\/?s={search_term_string}\"},\"query-input\":\"required name=search_term_string\"}],\"inLanguage\":\"en-GB\"},{\"@type\":\"Organization\",\"@id\":\"http:\/\/nota-estudio.com\/en\/#organization\",\"name\":\"Nota Estudio\",\"alternateName\":\"nota estudio\",\"url\":\"http:\/\/nota-estudio.com\/en\/\",\"logo\":{\"@type\":\"ImageObject\",\"inLanguage\":\"en-GB\",\"@id\":\"http:\/\/nota-estudio.com\/en\/#\/schema\/logo\/image\/\",\"url\":\"http:\/\/nota-estudio.com\/wp-content\/uploads\/2023\/07\/cropped-nota-story-metalMesa-de-trabajo-42-copia-17.png\",\"contentUrl\":\"http:\/\/nota-estudio.com\/wp-content\/uploads\/2023\/07\/cropped-nota-story-metalMesa-de-trabajo-42-copia-17.png\",\"width\":1009,\"height\":613,\"caption\":\"Nota Estudio\"},\"image\":{\"@id\":\"http:\/\/nota-estudio.com\/en\/#\/schema\/logo\/image\/\"},\"sameAs\":[\"https:\/\/www.linkedin.com\/company\/nota-estudio\/\",\"https:\/\/www.instagram.com\/nota_estudio\/?hl=en\"]}]}<\/script>\n<!-- \/ Yoast SEO plugin. -->","yoast_head_json":{"title":"Dise\u00f1o de Airbnb Tur\u00edsticos en Madrid para Mysuite","description":"Dise\u00f1o de Airbnb en Madrid para Mysuite. Un espacio donde la intimidad, el silencio y la belleza esencial elevan la experiencia del viajero.","robots":{"index":"index","follow":"follow","max-snippet":"max-snippet:-1","max-image-preview":"max-image-preview:large","max-video-preview":"max-video-preview:-1"},"canonical":"http:\/\/nota-estudio.com\/en\/diseno-de-airbnb-en-madrid-para-mysuite\/","og_locale":"en_GB","og_type":"article","og_title":"Dise\u00f1o de Airbnb Tur\u00edsticos en Madrid para Mysuite","og_description":"Dise\u00f1o de Airbnb en Madrid para Mysuite. Un espacio donde la intimidad, el silencio y la belleza esencial elevan la experiencia del viajero.","og_url":"http:\/\/nota-estudio.com\/en\/diseno-de-airbnb-en-madrid-para-mysuite\/","og_site_name":"_dise\u00f1amos espacios que hablan de las personas","article_modified_time":"2026-01-14T11:31:32+00:00","og_image":[{"url":"http:\/\/nota-estudio.com\/wp-content\/uploads\/2025\/01\/2-scaled.jpeg"}],"twitter_card":"summary_large_image","twitter_misc":{"Estimated reading time":"2 minutes"},"schema":{"@context":"https:\/\/schema.org","@graph":[{"@type":"WebPage","@id":"https:\/\/nota-estudio.com\/diseno-de-airbnb-en-madrid-para-mysuite","url":"https:\/\/nota-estudio.com\/diseno-de-airbnb-en-madrid-para-mysuite","name":"Dise\u00f1o de Airbnb Tur\u00edsticos en Madrid para Mysuite","isPartOf":{"@id":"http:\/\/nota-estudio.com\/en\/#website"},"datePublished":"2025-01-20T11:20:50+00:00","dateModified":"2026-01-14T11:31:32+00:00","description":"Dise\u00f1o de Airbnb en Madrid para Mysuite. Un espacio donde la intimidad, el silencio y la belleza esencial elevan la experiencia del viajero.","breadcrumb":{"@id":"https:\/\/nota-estudio.com\/diseno-de-airbnb-en-madrid-para-mysuite#breadcrumb"},"inLanguage":"en-GB","potentialAction":[{"@type":"ReadAction","target":["https:\/\/nota-estudio.com\/diseno-de-airbnb-en-madrid-para-mysuite"]}]},{"@type":"BreadcrumbList","@id":"https:\/\/nota-estudio.com\/diseno-de-airbnb-en-madrid-para-mysuite#breadcrumb","itemListElement":[{"@type":"ListItem","position":1,"name":"Portada","item":"http:\/\/nota-estudio.com\/en\/"},{"@type":"ListItem","position":2,"name":"Apartamentos Tur\u00edsticos: Betancourt"}]},{"@type":"WebSite","@id":"http:\/\/nota-estudio.com\/en\/#website","url":"http:\/\/nota-estudio.com\/en\/","name":"_dise\u00f1amos espacios que hablan de las personas","description":"arquitectura interior | dise\u00f1o y decoraci\u00f3n | consultor\u00eda de identidad","publisher":{"@id":"http:\/\/nota-estudio.com\/en\/#organization"},"potentialAction":[{"@type":"SearchAction","target":{"@type":"EntryPoint","urlTemplate":"http:\/\/nota-estudio.com\/en\/?s={search_term_string}"},"query-input":"required name=search_term_string"}],"inLanguage":"en-GB"},{"@type":"Organization","@id":"http:\/\/nota-estudio.com\/en\/#organization","name":"Nota Estudio","alternateName":"nota estudio","url":"http:\/\/nota-estudio.com\/en\/","logo":{"@type":"ImageObject","inLanguage":"en-GB","@id":"http:\/\/nota-estudio.com\/en\/#\/schema\/logo\/image\/","url":"http:\/\/nota-estudio.com\/wp-content\/uploads\/2023\/07\/cropped-nota-story-metalMesa-de-trabajo-42-copia-17.png","contentUrl":"http:\/\/nota-estudio.com\/wp-content\/uploads\/2023\/07\/cropped-nota-story-metalMesa-de-trabajo-42-copia-17.png","width":1009,"height":613,"caption":"Nota Estudio"},"image":{"@id":"http:\/\/nota-estudio.com\/en\/#\/schema\/logo\/image\/"},"sameAs":["https:\/\/www.linkedin.com\/company\/nota-estudio\/","https:\/\/www.instagram.com\/nota_estudio\/?hl=en"]}]}},"_links":{"self":[{"href":"http:\/\/nota-estudio.com\/en\/wp-json\/wp\/v2\/pages\/3325","targetHints":{"allow":["GET"]}}],"collection":[{"href":"http:\/\/nota-estudio.com\/en\/wp-json\/wp\/v2\/pages"}],"about":[{"href":"http:\/\/nota-estudio.com\/en\/wp-json\/wp\/v2\/types\/page"}],"author":[{"embeddable":true,"href":"http:\/\/nota-estudio.com\/en\/wp-json\/wp\/v2\/users\/1"}],"replies":[{"embeddable":true,"href":"http:\/\/nota-estudio.com\/en\/wp-json\/wp\/v2\/comments?post=3325"}],"version-history":[{"count":44,"href":"http:\/\/nota-estudio.com\/en\/wp-json\/wp\/v2\/pages\/3325\/revisions"}],"predecessor-version":[{"id":4303,"href":"http:\/\/nota-estudio.com\/en\/wp-json\/wp\/v2\/pages\/3325\/revisions\/4303"}],"wp:attachment":[{"href":"http:\/\/nota-estudio.com\/en\/wp-json\/wp\/v2\/media?parent=3325"}],"curies":[{"name":"wp","href":"https:\/\/api.w.org\/{rel}","templated":true}]}}