{"id":4198,"date":"2025-12-10T16:19:03","date_gmt":"2025-12-10T16:19:03","guid":{"rendered":"https:\/\/nota-estudio.com\/?page_id=4198"},"modified":"2025-12-16T15:56:01","modified_gmt":"2025-12-16T15:56:01","slug":"diseno-hotel-boutique-polivalente","status":"publish","type":"page","link":"http:\/\/nota-estudio.com\/en\/diseno-hotel-boutique-polivalente","title":{"rendered":"MUTUO | Boutique Hotel"},"content":{"rendered":"<div data-elementor-type=\"wp-page\" data-elementor-id=\"4198\" class=\"elementor elementor-4198\" data-elementor-post-type=\"page\">\n\t\t\t\t\t\t\t<div class=\"elementor-element elementor-element-0600145 e-flex e-con-boxed e-con e-parent\" data-id=\"0600145\" data-element_type=\"container\" data-settings=\"{&quot;container_type&quot;:&quot;flex&quot;,&quot;content_width&quot;:&quot;boxed&quot;}\" data-core-v316-plus=\"true\">\n\t\t\t\t\t<div class=\"e-con-inner\">\n\t\t\t\t<div class=\"elementor-element elementor-element-1566a57 elementor-widget elementor-widget-heading\" data-id=\"1566a57\" data-element_type=\"widget\" data-widget_type=\"heading.default\">\n\t\t\t\t<div class=\"elementor-widget-container\">\n\t\t\t<style>\/*! elementor - v3.17.0 - 08-11-2023 *\/\n.elementor-heading-title{padding:0;margin:0;line-height:1}.elementor-widget-heading .elementor-heading-title[class*=elementor-size-]>a{color:inherit;font-size:inherit;line-height:inherit}.elementor-widget-heading .elementor-heading-title.elementor-size-small{font-size:15px}.elementor-widget-heading .elementor-heading-title.elementor-size-medium{font-size:19px}.elementor-widget-heading .elementor-heading-title.elementor-size-large{font-size:29px}.elementor-widget-heading .elementor-heading-title.elementor-size-xl{font-size:39px}.elementor-widget-heading .elementor-heading-title.elementor-size-xxl{font-size:59px}<\/style><h2 class=\"elementor-heading-title elementor-size-large\">MUTUO | Boutique Hotel<\/h2>\t\t<\/div>\n\t\t\t\t<\/div>\n\t\t\t\t\t<\/div>\n\t\t\t\t<\/div>\n\t\t<div class=\"elementor-element elementor-element-9d3291d e-flex e-con-boxed e-con e-parent\" data-id=\"9d3291d\" data-element_type=\"container\" data-settings=\"{&quot;container_type&quot;:&quot;flex&quot;,&quot;content_width&quot;:&quot;boxed&quot;}\" data-core-v316-plus=\"true\">\n\t\t\t\t\t<div class=\"e-con-inner\">\n\t\t\t\t<div class=\"elementor-element elementor-element-1f06726 elementor-widget elementor-widget-text-editor\" data-id=\"1f06726\" data-element_type=\"widget\" data-widget_type=\"text-editor.default\">\n\t\t\t\t<div class=\"elementor-widget-container\">\n\t\t\t<style>\/*! elementor - v3.17.0 - 08-11-2023 *\/\n.elementor-widget-text-editor.elementor-drop-cap-view-stacked .elementor-drop-cap{background-color:#69727d;color:#fff}.elementor-widget-text-editor.elementor-drop-cap-view-framed .elementor-drop-cap{color:#69727d;border:3px solid;background-color:transparent}.elementor-widget-text-editor:not(.elementor-drop-cap-view-default) .elementor-drop-cap{margin-top:8px}.elementor-widget-text-editor:not(.elementor-drop-cap-view-default) .elementor-drop-cap-letter{width:1em;height:1em}.elementor-widget-text-editor .elementor-drop-cap{float:left;text-align:center;line-height:1;font-size:50px}.elementor-widget-text-editor .elementor-drop-cap-letter{display:inline-block}<\/style>\t\t\t\t<p><span style=\"font-family: arial, helvetica, sans-serif; font-size: 10pt;\"><strong data-start=\"1556\" data-end=\"1608\">Mutuo es un proyecto de dise\u00f1o de hotel boutique<\/strong> pensado para viajeros urbanos que buscan algo m\u00e1s que un lugar donde dormir. Un espacio polivalente que integra descanso, bienestar y creaci\u00f3n, y que entiende el dise\u00f1o como parte esencial de la experiencia.<\/span><\/p>\t\t\t\t\t\t<\/div>\n\t\t\t\t<\/div>\n\t\t\t\t\t<\/div>\n\t\t\t\t<\/div>\n\t\t<div class=\"elementor-element elementor-element-ba3725a e-flex e-con-boxed e-con e-parent\" data-id=\"ba3725a\" data-element_type=\"container\" data-settings=\"{&quot;container_type&quot;:&quot;flex&quot;,&quot;content_width&quot;:&quot;boxed&quot;}\" data-core-v316-plus=\"true\">\n\t\t\t\t\t<div class=\"e-con-inner\">\n\t\t\t\t<div class=\"elementor-element elementor-element-85ff704 elementor-widget elementor-widget-image\" data-id=\"85ff704\" data-element_type=\"widget\" data-widget_type=\"image.default\">\n\t\t\t\t<div class=\"elementor-widget-container\">\n\t\t\t<style>\/*! elementor - v3.17.0 - 08-11-2023 *\/\n.elementor-widget-image{text-align:center}.elementor-widget-image a{display:inline-block}.elementor-widget-image a img[src$=\".svg\"]{width:48px}.elementor-widget-image img{vertical-align:middle;display:inline-block}<\/style>\t\t\t\t\t\t\t\t\t<figure class=\"wp-caption\">\n\t\t\t\t\t\t\t\t\t\t\t<a href=\"https:\/\/www.artemide.com\/es\/subfamily\/1854723\/tolomeo-mega-wall\">\n\t\t\t\t\t\t\t<img fetchpriority=\"high\" decoding=\"async\" width=\"2560\" height=\"1623\" src=\"http:\/\/nota-estudio.com\/wp-content\/uploads\/2025\/12\/1-scaled.jpg\" class=\"attachment-full size-full wp-image-4203\" alt=\"\" srcset=\"http:\/\/nota-estudio.com\/wp-content\/uploads\/2025\/12\/1-scaled.jpg 2560w, http:\/\/nota-estudio.com\/wp-content\/uploads\/2025\/12\/1-300x190.jpg 300w, http:\/\/nota-estudio.com\/wp-content\/uploads\/2025\/12\/1-1024x649.jpg 1024w, http:\/\/nota-estudio.com\/wp-content\/uploads\/2025\/12\/1-768x487.jpg 768w, http:\/\/nota-estudio.com\/wp-content\/uploads\/2025\/12\/1-1536x974.jpg 1536w, http:\/\/nota-estudio.com\/wp-content\/uploads\/2025\/12\/1-2048x1298.jpg 2048w, http:\/\/nota-estudio.com\/wp-content\/uploads\/2025\/12\/1-18x12.jpg 18w\" sizes=\"(max-width: 2560px) 100vw, 2560px\" \/>\t\t\t\t\t\t\t\t<\/a>\n\t\t\t\t\t\t\t\t\t\t\t<figcaption class=\"widget-image-caption wp-caption-text\">Zona de descanso en habitaci\u00f3n polivalente. Con apliques Tolomeo de Artemide. <\/figcaption>\n\t\t\t\t\t\t\t\t\t\t<\/figure>\n\t\t\t\t\t\t\t\t\t<\/div>\n\t\t\t\t<\/div>\n\t\t\t\t\t<\/div>\n\t\t\t\t<\/div>\n\t\t<div class=\"elementor-element elementor-element-5787559 e-flex e-con-boxed e-con e-parent\" data-id=\"5787559\" data-element_type=\"container\" data-settings=\"{&quot;container_type&quot;:&quot;flex&quot;,&quot;content_width&quot;:&quot;boxed&quot;}\" data-core-v316-plus=\"true\">\n\t\t\t\t\t<div class=\"e-con-inner\">\n\t\t\t\t<div class=\"elementor-element elementor-element-1ada6f3 elementor-widget elementor-widget-text-editor\" data-id=\"1ada6f3\" data-element_type=\"widget\" data-widget_type=\"text-editor.default\">\n\t\t\t\t<div class=\"elementor-widget-container\">\n\t\t\t\t\t\t\t<p class=\"p1\"><span style=\"font-family: arial, helvetica, sans-serif; font-size: 10pt;\">Con el objetivo de crear un espacio flexible y adaptable al viajero contempor\u00e1neo, se retoma la visi\u00f3n ut\u00f3pica de las viviendas del futuro desarrollada entre 1920 y 1970.<\/span><\/p><p class=\"p1\"><span style=\"font-family: arial, helvetica, sans-serif; font-size: 10pt;\">El hotel boutique se dirige a viajeros\u00a0 de entre 35 y 50 a\u00f1os, con alto poder adquisitivo, que valoran la exclusividad y el dise\u00f1o como parte <\/span><span style=\"font-family: arial, helvetica, sans-serif; font-size: 10pt;\">esencial de su experiencia. Acostumbrados a combinar ocio y trabajo, <\/span><span style=\"font-family: arial, helvetica, sans-serif; font-size: 10pt;\">muestran inter\u00e9s por el bienestar personal, la gastronom\u00eda selecta y la <\/span><span style=\"font-family: arial, helvetica, sans-serif; font-size: 10pt;\">cultura.<\/span><\/p>\t\t\t\t\t\t<\/div>\n\t\t\t\t<\/div>\n\t\t\t\t\t<\/div>\n\t\t\t\t<\/div>\n\t\t<div class=\"elementor-element elementor-element-d9ebacd e-flex e-con-boxed e-con e-parent\" data-id=\"d9ebacd\" data-element_type=\"container\" data-settings=\"{&quot;container_type&quot;:&quot;flex&quot;,&quot;content_width&quot;:&quot;boxed&quot;}\" data-core-v316-plus=\"true\">\n\t\t\t\t\t<div class=\"e-con-inner\">\n\t\t\t\t<div class=\"elementor-element elementor-element-e13ef4a elementor-widget elementor-widget-image\" data-id=\"e13ef4a\" data-element_type=\"widget\" data-widget_type=\"image.default\">\n\t\t\t\t<div class=\"elementor-widget-container\">\n\t\t\t\t\t\t\t\t\t\t\t\t\t\t\t<img decoding=\"async\" width=\"2560\" height=\"1623\" src=\"http:\/\/nota-estudio.com\/wp-content\/uploads\/2025\/12\/2-copia-scaled.jpg\" class=\"attachment-full size-full wp-image-4205\" alt=\"\" srcset=\"http:\/\/nota-estudio.com\/wp-content\/uploads\/2025\/12\/2-copia-scaled.jpg 2560w, http:\/\/nota-estudio.com\/wp-content\/uploads\/2025\/12\/2-copia-300x190.jpg 300w, http:\/\/nota-estudio.com\/wp-content\/uploads\/2025\/12\/2-copia-1024x649.jpg 1024w, http:\/\/nota-estudio.com\/wp-content\/uploads\/2025\/12\/2-copia-768x487.jpg 768w, http:\/\/nota-estudio.com\/wp-content\/uploads\/2025\/12\/2-copia-1536x974.jpg 1536w, http:\/\/nota-estudio.com\/wp-content\/uploads\/2025\/12\/2-copia-2048x1298.jpg 2048w, http:\/\/nota-estudio.com\/wp-content\/uploads\/2025\/12\/2-copia-18x12.jpg 18w\" sizes=\"(max-width: 2560px) 100vw, 2560px\" \/>\t\t\t\t\t\t\t\t\t\t\t\t\t\t\t<\/div>\n\t\t\t\t<\/div>\n\t\t\t\t\t<\/div>\n\t\t\t\t<\/div>\n\t\t<div class=\"elementor-element elementor-element-f3e4e5e e-flex e-con-boxed e-con e-parent\" data-id=\"f3e4e5e\" data-element_type=\"container\" data-settings=\"{&quot;container_type&quot;:&quot;flex&quot;,&quot;content_width&quot;:&quot;boxed&quot;}\" data-core-v316-plus=\"true\">\n\t\t\t\t\t<div class=\"e-con-inner\">\n\t\t\t\t<div class=\"elementor-element elementor-element-008627e elementor-widget elementor-widget-text-editor\" data-id=\"008627e\" data-element_type=\"widget\" data-widget_type=\"text-editor.default\">\n\t\t\t\t<div class=\"elementor-widget-container\">\n\t\t\t\t\t\t\t<p class=\"p1\"><span style=\"font-family: arial, helvetica, sans-serif; font-size: 10pt;\">El concepto de habitaci\u00f3n polivalente se convierte en su principal valor <\/span><span style=\"font-family: arial, helvetica, sans-serif; font-size: 10pt;\">diferencial, al integrar bienestar, descanso y creaci\u00f3n en un refugio <\/span><span style=\"font-family: arial, helvetica, sans-serif; font-size: 10pt;\">contempor\u00e1neo que se adapta al estilo de vida cambiante de sus hu\u00e9spedes <\/span><span style=\"font-family: arial, helvetica, sans-serif; font-size: 10pt;\">m\u00e1s exigentes.<\/span><\/p><p class=\"p1\"><span style=\"font-family: arial, helvetica, sans-serif; font-size: 10pt;\">La distribuci\u00f3n de la habitaci\u00f3n surge de la disposici\u00f3n consecutiva de las \u00e1reas <\/span><span style=\"font-family: arial, helvetica, sans-serif; font-size: 10pt;\">habitables. Los usos que requieren mayor entrada de luz natural se sit\u00faan<\/span><\/p><p class=\"p1\"><span style=\"font-family: arial, helvetica, sans-serif; font-size: 10pt;\">pr\u00f3ximos a las ventanas, manteniendo en todo momento la versatilidad necesaria<\/span><span style=\"font-family: arial, helvetica, sans-serif; font-size: 10pt;\">para que las actividades puedan desarrollarse en cualquier punto.<\/span><\/p>\t\t\t\t\t\t<\/div>\n\t\t\t\t<\/div>\n\t\t\t\t\t<\/div>\n\t\t\t\t<\/div>\n\t\t<div class=\"elementor-element elementor-element-fdd707a e-flex e-con-boxed e-con e-parent\" data-id=\"fdd707a\" data-element_type=\"container\" data-settings=\"{&quot;container_type&quot;:&quot;flex&quot;,&quot;content_width&quot;:&quot;boxed&quot;}\" data-core-v316-plus=\"true\">\n\t\t\t\t\t<div class=\"e-con-inner\">\n\t\t<div class=\"elementor-element elementor-element-10e5237 e-con-full e-flex e-con e-child\" data-id=\"10e5237\" data-element_type=\"container\" data-settings=\"{&quot;content_width&quot;:&quot;full&quot;,&quot;container_type&quot;:&quot;flex&quot;}\">\n\t\t\t\t<div class=\"elementor-element elementor-element-4573995 elementor-widget__width-initial elementor-widget elementor-widget-image\" data-id=\"4573995\" data-element_type=\"widget\" data-widget_type=\"image.default\">\n\t\t\t\t<div class=\"elementor-widget-container\">\n\t\t\t\t\t\t\t\t\t\t\t\t\t\t\t<img decoding=\"async\" width=\"1024\" height=\"838\" src=\"http:\/\/nota-estudio.com\/wp-content\/uploads\/2025\/12\/3-1024x838.jpg\" class=\"attachment-large size-large wp-image-4208\" alt=\"\" srcset=\"http:\/\/nota-estudio.com\/wp-content\/uploads\/2025\/12\/3-1024x838.jpg 1024w, http:\/\/nota-estudio.com\/wp-content\/uploads\/2025\/12\/3-300x246.jpg 300w, http:\/\/nota-estudio.com\/wp-content\/uploads\/2025\/12\/3-768x629.jpg 768w, http:\/\/nota-estudio.com\/wp-content\/uploads\/2025\/12\/3-1536x1258.jpg 1536w, http:\/\/nota-estudio.com\/wp-content\/uploads\/2025\/12\/3-2048x1677.jpg 2048w, http:\/\/nota-estudio.com\/wp-content\/uploads\/2025\/12\/3-15x12.jpg 15w\" sizes=\"(max-width: 1024px) 100vw, 1024px\" \/>\t\t\t\t\t\t\t\t\t\t\t\t\t\t\t<\/div>\n\t\t\t\t<\/div>\n\t\t\t\t<\/div>\n\t\t<div class=\"elementor-element elementor-element-66af631 e-con-full e-flex e-con e-child\" data-id=\"66af631\" data-element_type=\"container\" data-settings=\"{&quot;content_width&quot;:&quot;full&quot;,&quot;container_type&quot;:&quot;flex&quot;}\">\n\t\t<div class=\"elementor-element elementor-element-02a22cf e-flex e-con-boxed e-con e-child\" data-id=\"02a22cf\" data-element_type=\"container\" data-settings=\"{&quot;container_type&quot;:&quot;flex&quot;,&quot;content_width&quot;:&quot;boxed&quot;}\">\n\t\t\t\t\t<div class=\"e-con-inner\">\n\t\t\t\t<div class=\"elementor-element elementor-element-2d6eaa6 elementor-widget elementor-widget-text-editor\" data-id=\"2d6eaa6\" data-element_type=\"widget\" data-widget_type=\"text-editor.default\">\n\t\t\t\t<div class=\"elementor-widget-container\">\n\t\t\t\t\t\t\t<p class=\"p1\"><span style=\"font-family: arial, helvetica, sans-serif; font-size: 10pt;\">El ba\u00f1o se plantea como un espacio envolvente y circular que conecta con la <\/span><span style=\"font-family: arial, helvetica, sans-serif; font-size: 10pt;\">zona del domitorio mediante una ventana redonda con vidrio \u00e1mbar. <\/span><\/p><p><span style=\"font-size: 10pt; font-family: arial, helvetica, sans-serif;\">Este espacio, inundado del color verde promueve el bienestar junto a la luz cambiante de la ducha con el objetivo de generar numerosos ambientes.\u00a0<\/span><\/p>\t\t\t\t\t\t<\/div>\n\t\t\t\t<\/div>\n\t\t\t\t\t<\/div>\n\t\t\t\t<\/div>\n\t\t\t\t<\/div>\n\t\t\t\t\t<\/div>\n\t\t\t\t<\/div>\n\t\t<div class=\"elementor-element elementor-element-65e2ab3 e-flex e-con-boxed e-con e-parent\" data-id=\"65e2ab3\" data-element_type=\"container\" data-settings=\"{&quot;container_type&quot;:&quot;flex&quot;,&quot;content_width&quot;:&quot;boxed&quot;}\" data-core-v316-plus=\"true\">\n\t\t\t\t\t<div class=\"e-con-inner\">\n\t\t\t\t<div class=\"elementor-element elementor-element-b077456 elementor-widget elementor-widget-text-editor\" data-id=\"b077456\" data-element_type=\"widget\" data-widget_type=\"text-editor.default\">\n\t\t\t\t<div class=\"elementor-widget-container\">\n\t\t\t\t\t\t\t<p><span style=\"font-family: arial, helvetica, sans-serif; font-size: 10pt;\">Los diferentes espacios de la habitaci\u00f3n pueden integrarse o independizarse para crear diferentes arm\u00f3sferas mediante un sistema de cortinas automatizadas a la vez que manuales.<\/span><\/p>\t\t\t\t\t\t<\/div>\n\t\t\t\t<\/div>\n\t\t\t\t\t<\/div>\n\t\t\t\t<\/div>\n\t\t<div class=\"elementor-element elementor-element-275467d e-flex e-con-boxed e-con e-parent\" data-id=\"275467d\" data-element_type=\"container\" data-settings=\"{&quot;container_type&quot;:&quot;flex&quot;,&quot;content_width&quot;:&quot;boxed&quot;}\" data-core-v316-plus=\"true\">\n\t\t\t\t\t<div class=\"e-con-inner\">\n\t\t\t\t<div class=\"elementor-element elementor-element-d34b697 elementor-widget elementor-widget-image\" data-id=\"d34b697\" data-element_type=\"widget\" data-widget_type=\"image.default\">\n\t\t\t\t<div class=\"elementor-widget-container\">\n\t\t\t\t\t\t\t\t\t\t\t\t\t\t\t<img loading=\"lazy\" decoding=\"async\" width=\"1024\" height=\"649\" src=\"http:\/\/nota-estudio.com\/wp-content\/uploads\/2025\/12\/9-1024x649.png\" class=\"attachment-large size-large wp-image-4215\" alt=\"\" srcset=\"http:\/\/nota-estudio.com\/wp-content\/uploads\/2025\/12\/9-1024x649.png 1024w, http:\/\/nota-estudio.com\/wp-content\/uploads\/2025\/12\/9-300x190.png 300w, http:\/\/nota-estudio.com\/wp-content\/uploads\/2025\/12\/9-768x487.png 768w, http:\/\/nota-estudio.com\/wp-content\/uploads\/2025\/12\/9-1536x974.png 1536w, http:\/\/nota-estudio.com\/wp-content\/uploads\/2025\/12\/9-2048x1298.png 2048w, http:\/\/nota-estudio.com\/wp-content\/uploads\/2025\/12\/9-18x12.png 18w\" sizes=\"(max-width: 1024px) 100vw, 1024px\" \/>\t\t\t\t\t\t\t\t\t\t\t\t\t\t\t<\/div>\n\t\t\t\t<\/div>\n\t\t\t\t\t<\/div>\n\t\t\t\t<\/div>\n\t\t<div class=\"elementor-element elementor-element-e733311 e-flex e-con-boxed e-con e-parent\" data-id=\"e733311\" data-element_type=\"container\" data-settings=\"{&quot;container_type&quot;:&quot;flex&quot;,&quot;content_width&quot;:&quot;boxed&quot;}\" data-core-v316-plus=\"true\">\n\t\t\t\t\t<div class=\"e-con-inner\">\n\t\t\t\t<div class=\"elementor-element elementor-element-d1af55a elementor-widget elementor-widget-text-editor\" data-id=\"d1af55a\" data-element_type=\"widget\" data-widget_type=\"text-editor.default\">\n\t\t\t\t<div class=\"elementor-widget-container\">\n\t\t\t\t\t\t\t<p style=\"text-align: center;\"><span style=\"font-family: arial, helvetica, sans-serif; color: #55523a;\"><a style=\"color: #55523a;\" href=\"http:\/\/nota-estudio.com\/en\/servicios-de-interiorismo-y-decoracion\/\">Conoce c\u00f3mo trabajamos<\/a>.<\/span><\/p>\t\t\t\t\t\t<\/div>\n\t\t\t\t<\/div>\n\t\t\t\t\t<\/div>\n\t\t\t\t<\/div>\n\t\t\t\t\t\t\t<\/div>","protected":false},"excerpt":{"rendered":"<p>MUTUO | Boutique Hotel Mutuo es un proyecto de dise\u00f1o de hotel boutique pensado para viajeros urbanos que buscan algo m\u00e1s que un lugar donde dormir. Un espacio polivalente que integra descanso, bienestar y creaci\u00f3n, y que entiende el dise\u00f1o como parte esencial de la experiencia. Zona de descanso en habitaci\u00f3n polivalente. Con apliques Tolomeo [&hellip;]<\/p>","protected":false},"author":1,"featured_media":4208,"parent":0,"menu_order":0,"comment_status":"closed","ping_status":"closed","template":"","meta":{"footnotes":""},"class_list":["post-4198","page","type-page","status-publish","has-post-thumbnail","hentry"],"yoast_head":"<!-- This site is optimized with the Yoast SEO plugin v21.2 - https:\/\/yoast.com\/wordpress\/plugins\/seo\/ -->\n<title>Dise\u00f1o de hotel boutique polivalente para viajeros urbanos.<\/title>\n<meta name=\"description\" content=\"Dise\u00f1o de hotel boutique polivalente para viajeros urbanos que valoran el bienestar, el descanso y el dise\u00f1o como parte de su experiencia.\" \/>\n<meta name=\"robots\" content=\"index, follow, max-snippet:-1, max-image-preview:large, max-video-preview:-1\" \/>\n<link rel=\"canonical\" href=\"http:\/\/nota-estudio.com\/en\/diseno-hotel-boutique-polivalente\/\" \/>\n<meta property=\"og:locale\" content=\"en_GB\" \/>\n<meta property=\"og:type\" content=\"article\" \/>\n<meta property=\"og:title\" content=\"Dise\u00f1o de hotel boutique polivalente para viajeros urbanos.\" \/>\n<meta property=\"og:description\" content=\"Dise\u00f1o de hotel boutique polivalente para viajeros urbanos que valoran el bienestar, el descanso y el dise\u00f1o como parte de su experiencia.\" \/>\n<meta property=\"og:url\" content=\"http:\/\/nota-estudio.com\/en\/diseno-hotel-boutique-polivalente\/\" \/>\n<meta property=\"og:site_name\" content=\"_dise\u00f1amos espacios que hablan de las personas\" \/>\n<meta property=\"article:modified_time\" content=\"2025-12-16T15:56:01+00:00\" \/>\n<meta property=\"og:image\" content=\"http:\/\/nota-estudio.com\/wp-content\/uploads\/2025\/12\/3-scaled.jpg\" \/>\n\t<meta property=\"og:image:width\" content=\"2560\" \/>\n\t<meta property=\"og:image:height\" content=\"2096\" \/>\n\t<meta property=\"og:image:type\" content=\"image\/jpeg\" \/>\n<meta name=\"twitter:card\" content=\"summary_large_image\" \/>\n<meta name=\"twitter:label1\" content=\"Estimated reading time\" \/>\n\t<meta name=\"twitter:data1\" content=\"3 minutes\" \/>\n<script type=\"application\/ld+json\" class=\"yoast-schema-graph\">{\"@context\":\"https:\/\/schema.org\",\"@graph\":[{\"@type\":\"WebPage\",\"@id\":\"http:\/\/nota-estudio.com\/diseno-hotel-boutique-polivalente\",\"url\":\"http:\/\/nota-estudio.com\/diseno-hotel-boutique-polivalente\",\"name\":\"Dise\u00f1o de hotel boutique polivalente para viajeros urbanos.\",\"isPartOf\":{\"@id\":\"http:\/\/nota-estudio.com\/#website\"},\"datePublished\":\"2025-12-10T16:19:03+00:00\",\"dateModified\":\"2025-12-16T15:56:01+00:00\",\"description\":\"Dise\u00f1o de hotel boutique polivalente para viajeros urbanos que valoran el bienestar, el descanso y el dise\u00f1o como parte de su experiencia.\",\"breadcrumb\":{\"@id\":\"http:\/\/nota-estudio.com\/diseno-hotel-boutique-polivalente#breadcrumb\"},\"inLanguage\":\"en-GB\",\"potentialAction\":[{\"@type\":\"ReadAction\",\"target\":[\"http:\/\/nota-estudio.com\/diseno-hotel-boutique-polivalente\"]}]},{\"@type\":\"BreadcrumbList\",\"@id\":\"http:\/\/nota-estudio.com\/diseno-hotel-boutique-polivalente#breadcrumb\",\"itemListElement\":[{\"@type\":\"ListItem\",\"position\":1,\"name\":\"Portada\",\"item\":\"http:\/\/nota-estudio.com\/\"},{\"@type\":\"ListItem\",\"position\":2,\"name\":\"MUTUO | Boutique Hotel\"}]},{\"@type\":\"WebSite\",\"@id\":\"http:\/\/nota-estudio.com\/#website\",\"url\":\"http:\/\/nota-estudio.com\/\",\"name\":\"_dise\u00f1amos espacios que hablan de las personas\",\"description\":\"arquitectura interior | dise\u00f1o y decoraci\u00f3n | consultor\u00eda de identidad\",\"publisher\":{\"@id\":\"http:\/\/nota-estudio.com\/#organization\"},\"potentialAction\":[{\"@type\":\"SearchAction\",\"target\":{\"@type\":\"EntryPoint\",\"urlTemplate\":\"http:\/\/nota-estudio.com\/?s={search_term_string}\"},\"query-input\":\"required name=search_term_string\"}],\"inLanguage\":\"en-GB\"},{\"@type\":\"Organization\",\"@id\":\"http:\/\/nota-estudio.com\/#organization\",\"name\":\"Nota Estudio\",\"alternateName\":\"nota estudio\",\"url\":\"http:\/\/nota-estudio.com\/\",\"logo\":{\"@type\":\"ImageObject\",\"inLanguage\":\"en-GB\",\"@id\":\"http:\/\/nota-estudio.com\/#\/schema\/logo\/image\/\",\"url\":\"http:\/\/nota-estudio.com\/wp-content\/uploads\/2023\/07\/cropped-nota-story-metalMesa-de-trabajo-42-copia-17.png\",\"contentUrl\":\"http:\/\/nota-estudio.com\/wp-content\/uploads\/2023\/07\/cropped-nota-story-metalMesa-de-trabajo-42-copia-17.png\",\"width\":1009,\"height\":613,\"caption\":\"Nota Estudio\"},\"image\":{\"@id\":\"http:\/\/nota-estudio.com\/#\/schema\/logo\/image\/\"},\"sameAs\":[\"https:\/\/www.linkedin.com\/company\/nota-estudio\/\",\"https:\/\/www.instagram.com\/nota_estudio\/?hl=en\"]}]}<\/script>\n<!-- \/ Yoast SEO plugin. -->","yoast_head_json":{"title":"Dise\u00f1o de hotel boutique polivalente para viajeros urbanos.","description":"Dise\u00f1o de hotel boutique polivalente para viajeros urbanos que valoran el bienestar, el descanso y el dise\u00f1o como parte de su experiencia.","robots":{"index":"index","follow":"follow","max-snippet":"max-snippet:-1","max-image-preview":"max-image-preview:large","max-video-preview":"max-video-preview:-1"},"canonical":"http:\/\/nota-estudio.com\/en\/diseno-hotel-boutique-polivalente\/","og_locale":"en_GB","og_type":"article","og_title":"Dise\u00f1o de hotel boutique polivalente para viajeros urbanos.","og_description":"Dise\u00f1o de hotel boutique polivalente para viajeros urbanos que valoran el bienestar, el descanso y el dise\u00f1o como parte de su experiencia.","og_url":"http:\/\/nota-estudio.com\/en\/diseno-hotel-boutique-polivalente\/","og_site_name":"_dise\u00f1amos espacios que hablan de las personas","article_modified_time":"2025-12-16T15:56:01+00:00","og_image":[{"width":2560,"height":2096,"url":"http:\/\/nota-estudio.com\/wp-content\/uploads\/2025\/12\/3-scaled.jpg","type":"image\/jpeg"}],"twitter_card":"summary_large_image","twitter_misc":{"Estimated reading time":"3 minutes"},"schema":{"@context":"https:\/\/schema.org","@graph":[{"@type":"WebPage","@id":"http:\/\/nota-estudio.com\/diseno-hotel-boutique-polivalente","url":"http:\/\/nota-estudio.com\/diseno-hotel-boutique-polivalente","name":"Dise\u00f1o de hotel boutique polivalente para viajeros urbanos.","isPartOf":{"@id":"http:\/\/nota-estudio.com\/#website"},"datePublished":"2025-12-10T16:19:03+00:00","dateModified":"2025-12-16T15:56:01+00:00","description":"Dise\u00f1o de hotel boutique polivalente para viajeros urbanos que valoran el bienestar, el descanso y el dise\u00f1o como parte de su experiencia.","breadcrumb":{"@id":"http:\/\/nota-estudio.com\/diseno-hotel-boutique-polivalente#breadcrumb"},"inLanguage":"en-GB","potentialAction":[{"@type":"ReadAction","target":["http:\/\/nota-estudio.com\/diseno-hotel-boutique-polivalente"]}]},{"@type":"BreadcrumbList","@id":"http:\/\/nota-estudio.com\/diseno-hotel-boutique-polivalente#breadcrumb","itemListElement":[{"@type":"ListItem","position":1,"name":"Portada","item":"http:\/\/nota-estudio.com\/"},{"@type":"ListItem","position":2,"name":"MUTUO | Boutique Hotel"}]},{"@type":"WebSite","@id":"http:\/\/nota-estudio.com\/#website","url":"http:\/\/nota-estudio.com\/","name":"_dise\u00f1amos espacios que hablan de las personas","description":"arquitectura interior | dise\u00f1o y decoraci\u00f3n | consultor\u00eda de identidad","publisher":{"@id":"http:\/\/nota-estudio.com\/#organization"},"potentialAction":[{"@type":"SearchAction","target":{"@type":"EntryPoint","urlTemplate":"http:\/\/nota-estudio.com\/?s={search_term_string}"},"query-input":"required name=search_term_string"}],"inLanguage":"en-GB"},{"@type":"Organization","@id":"http:\/\/nota-estudio.com\/#organization","name":"Nota Estudio","alternateName":"nota estudio","url":"http:\/\/nota-estudio.com\/","logo":{"@type":"ImageObject","inLanguage":"en-GB","@id":"http:\/\/nota-estudio.com\/#\/schema\/logo\/image\/","url":"http:\/\/nota-estudio.com\/wp-content\/uploads\/2023\/07\/cropped-nota-story-metalMesa-de-trabajo-42-copia-17.png","contentUrl":"http:\/\/nota-estudio.com\/wp-content\/uploads\/2023\/07\/cropped-nota-story-metalMesa-de-trabajo-42-copia-17.png","width":1009,"height":613,"caption":"Nota Estudio"},"image":{"@id":"http:\/\/nota-estudio.com\/#\/schema\/logo\/image\/"},"sameAs":["https:\/\/www.linkedin.com\/company\/nota-estudio\/","https:\/\/www.instagram.com\/nota_estudio\/?hl=en"]}]}},"_links":{"self":[{"href":"http:\/\/nota-estudio.com\/en\/wp-json\/wp\/v2\/pages\/4198","targetHints":{"allow":["GET"]}}],"collection":[{"href":"http:\/\/nota-estudio.com\/en\/wp-json\/wp\/v2\/pages"}],"about":[{"href":"http:\/\/nota-estudio.com\/en\/wp-json\/wp\/v2\/types\/page"}],"author":[{"embeddable":true,"href":"http:\/\/nota-estudio.com\/en\/wp-json\/wp\/v2\/users\/1"}],"replies":[{"embeddable":true,"href":"http:\/\/nota-estudio.com\/en\/wp-json\/wp\/v2\/comments?post=4198"}],"version-history":[{"count":60,"href":"http:\/\/nota-estudio.com\/en\/wp-json\/wp\/v2\/pages\/4198\/revisions"}],"predecessor-version":[{"id":4290,"href":"http:\/\/nota-estudio.com\/en\/wp-json\/wp\/v2\/pages\/4198\/revisions\/4290"}],"wp:featuredmedia":[{"embeddable":true,"href":"http:\/\/nota-estudio.com\/en\/wp-json\/wp\/v2\/media\/4208"}],"wp:attachment":[{"href":"http:\/\/nota-estudio.com\/en\/wp-json\/wp\/v2\/media?parent=4198"}],"curies":[{"name":"wp","href":"https:\/\/api.w.org\/{rel}","templated":true}]}}